{"id":2059,"date":"2024-04-12T15:10:47","date_gmt":"2024-04-12T13:10:47","guid":{"rendered":"https:\/\/perfectwoman.es\/?page_id=2059"},"modified":"2024-04-12T17:07:24","modified_gmt":"2024-04-12T15:07:24","slug":"unas","status":"publish","type":"page","link":"https:\/\/perfectwoman.es\/?page_id=2059","title":{"rendered":"U\u00f1as"},"content":{"rendered":"\n<p><\/p>\n\n\n\n<div class=\"wp-block-stackable-columns stk-block-columns stk-block stk-94f3592\" data-block-id=\"94f3592\"><div class=\"stk-row stk-inner-blocks stk-block-content stk-content-align stk-94f3592-column\">\n<div class=\"wp-block-stackable-column stk-block-column stk-column stk-block stk-558505d\" data-v=\"4\" data-block-id=\"558505d\"><style>@media screen and (min-width:690px){.stk-558505d{flex:var(--stk-flex-grow,1) 1 calc(29.2% - var(--stk-column-gap,0px) * 1 \/ 2 ) !important}}<\/style><div class=\"stk-column-wrapper stk-block-column__content stk-container stk-558505d-container stk--no-background stk--no-padding\"><div class=\"stk-block-content stk-inner-blocks stk-558505d-inner-blocks\">\n<figure class=\"wp-block-image size-full is-resized\"><img loading=\"lazy\" decoding=\"async\" width=\"500\" height=\"500\" src=\"https:\/\/perfectwoman.es\/wp-content\/uploads\/2024\/04\/Unas-con-onimocosis.jpg\" alt=\"\" class=\"wp-image-2089\" style=\"width:305px;height:auto\" srcset=\"https:\/\/perfectwoman.es\/wp-content\/uploads\/2024\/04\/Unas-con-onimocosis.jpg 500w, https:\/\/perfectwoman.es\/wp-content\/uploads\/2024\/04\/Unas-con-onimocosis-300x300.jpg 300w, https:\/\/perfectwoman.es\/wp-content\/uploads\/2024\/04\/Unas-con-onimocosis-150x150.jpg 150w\" sizes=\"auto, (max-width: 500px) 100vw, 500px\" \/><figcaption class=\"wp-element-caption\">Onicomicosis , hongos en las u\u00f1as<\/figcaption><\/figure>\n\n\n\n<figure class=\"wp-block-image size-full is-resized\"><img loading=\"lazy\" decoding=\"async\" width=\"500\" height=\"500\" src=\"https:\/\/perfectwoman.es\/wp-content\/uploads\/2024\/04\/Unas-limpias-1.jpg\" alt=\"\" class=\"wp-image-2090\" style=\"width:301px;height:auto\" srcset=\"https:\/\/perfectwoman.es\/wp-content\/uploads\/2024\/04\/Unas-limpias-1.jpg 500w, https:\/\/perfectwoman.es\/wp-content\/uploads\/2024\/04\/Unas-limpias-1-300x300.jpg 300w, https:\/\/perfectwoman.es\/wp-content\/uploads\/2024\/04\/Unas-limpias-1-150x150.jpg 150w\" sizes=\"auto, (max-width: 500px) 100vw, 500px\" \/><\/figure>\n<\/div><\/div><\/div>\n\n\n\n<div class=\"wp-block-stackable-column stk-block-column stk-column stk-block stk-ef675d5\" data-v=\"4\" data-block-id=\"ef675d5\"><style>@media screen and (min-width:690px){.stk-ef675d5{flex:var(--stk-flex-grow,1) 1 calc(70.79999999999998% - var(--stk-column-gap,0px) * 1 \/ 2 ) !important}}<\/style><div class=\"stk-column-wrapper stk-block-column__content stk-container stk-ef675d5-container stk--no-background stk--no-padding\"><div class=\"stk-block-content stk-inner-blocks stk-ef675d5-inner-blocks\">\n<details class=\"wp-block-stackable-accordion stk-block-accordion stk-inner-blocks stk-block-content stk-block stk-004b2c6 is-style-default\" data-block-id=\"004b2c6\"><style>.stk-004b2c6{margin-bottom:64px !important}<\/style>\n<summary class=\"wp-block-stackable-column stk-block-column stk-column stk-block stk-2ad606c stk--container-small stk-block-accordion__heading\" data-v=\"4\" data-block-id=\"2ad606c\"><div class=\"stk-column-wrapper stk-block-column__content stk-container stk-2ad606c-container stk-hover-parent\"><div class=\"stk-block-content stk-inner-blocks stk-2ad606c-inner-blocks\">\n<div class=\"wp-block-stackable-icon-label stk-block-icon-label stk-block stk-b10b2c0\" data-block-id=\"b10b2c0\"><div class=\"stk-row stk-inner-blocks stk-block-content\">\n<div class=\"wp-block-stackable-heading stk-block-heading stk-block-heading--v2 stk-block stk-32f1dd4\" id=\"span-style-color-var-theme-palette-color-1-e-08-a-7-d-class-stk-highlight-que-es-la-onicomicosis-span\" data-block-id=\"32f1dd4\"><h5 class=\"stk-block-heading__text\"><span style=\"color: var(--theme-palette-color-1, #e08a7d);\" class=\"stk-highlight\">Que es la Onicomicosis?<\/span><\/h5><\/div>\n\n\n\n<div class=\"wp-block-stackable-icon stk-block-icon stk-block stk-6291dde\" data-block-id=\"6291dde\"><span class=\"stk--svg-wrapper\"><div class=\"stk--inner-svg\"><svg style=\"height:0;width:0\"><defs><linearGradient id=\"linear-gradient-6291dde\" x1=\"0\" x2=\"100%\" y1=\"0\" y2=\"0\"><stop offset=\"0%\" style=\"stop-opacity:1;stop-color:var(--linear-gradient-6291-dde-color-1)\"><\/stop><stop offset=\"100%\" style=\"stop-opacity:1;stop-color:var(--linear-gradient-6291-dde-color-2)\"><\/stop><\/linearGradient><\/defs><\/svg><svg data-prefix=\"fas\" data-icon=\"chevron-down\" class=\"svg-inline--fa fa-chevron-down fa-w-14\" xmlns=\"http:\/\/www.w3.org\/2000\/svg\" viewBox=\"0 0 448 512\" aria-hidden=\"true\" width=\"32\" height=\"32\"><path fill=\"currentColor\" d=\"M207.029 381.476L12.686 187.132c-9.373-9.373-9.373-24.569 0-33.941l22.667-22.667c9.357-9.357 24.522-9.375 33.901-.04L224 284.505l154.745-154.021c9.379-9.335 24.544-9.317 33.901.04l22.667 22.667c9.373 9.373 9.373 24.569 0 33.941L240.971 381.476c-9.373 9.372-24.569 9.372-33.942 0z\"><\/path><\/svg><\/div><\/span><\/div>\n<\/div><\/div>\n<\/div><\/div><\/summary>\n\n\n\n<div class=\"wp-block-stackable-column stk-block-column stk-column stk-block stk-c92e59a stk-block-accordion__content\" data-v=\"4\" data-block-id=\"c92e59a\"><div class=\"stk-column-wrapper stk-block-column__content stk-container stk-c92e59a-container stk--no-background stk--no-padding\"><div class=\"stk-block-content stk-inner-blocks stk-c92e59a-inner-blocks\">\n<div class=\"wp-block-stackable-text stk-block-text stk-block stk-0b57c59\" data-block-id=\"0b57c59\"><style>.stk-0b57c59 .stk-block-text__text{font-size:20px !important}@media screen and (max-width:999px){.stk-0b57c59 .stk-block-text__text{font-size:20px !important}}<\/style><p class=\"stk-block-text__text\">-Trichophyton  rubrum (70-80% en pies)<br>-Mohos no dermatofitos (5-10% Manos-pies)<br>-Levaduras (20-30% Manos)<\/p><\/div>\n<\/div><\/div><\/div>\n<\/details>\n\n\n\n<details class=\"wp-block-stackable-accordion stk-block-accordion stk-inner-blocks stk-block-content stk-block stk-89f03d2 is-style-default\" data-block-id=\"89f03d2\"><style>.stk-89f03d2{margin-bottom:107px !important}<\/style>\n<summary class=\"wp-block-stackable-column stk-block-column stk-column stk-block stk-474aa5f stk--container-small stk-block-accordion__heading\" data-v=\"4\" data-block-id=\"474aa5f\"><div class=\"stk-column-wrapper stk-block-column__content stk-container stk-474aa5f-container stk-hover-parent\"><div class=\"stk-block-content stk-inner-blocks stk-474aa5f-inner-blocks\">\n<div class=\"wp-block-stackable-icon-label stk-block-icon-label stk-block stk-109b668\" data-block-id=\"109b668\"><div class=\"stk-row stk-inner-blocks stk-block-content\">\n<div class=\"wp-block-stackable-heading stk-block-heading stk-block-heading--v2 stk-block stk-e1d9f05\" id=\"strong-span-style-color-var-theme-palette-color-1-e-08-a-7-d-class-stk-highlight-como-tratarla-con-laserq-switched-nd-yag-span-strong\" data-block-id=\"e1d9f05\"><h5 class=\"stk-block-heading__text\"><strong><span style=\"color: var(--theme-palette-color-1, #e08a7d);\" class=\"stk-highlight\">Como tratarla con L\u00c0SERQ-SWITCHED ND YAG?<\/span><\/strong><\/h5><\/div>\n\n\n\n<div class=\"wp-block-stackable-icon stk-block-icon stk-block stk-b58fa77\" data-block-id=\"b58fa77\"><span class=\"stk--svg-wrapper\"><div class=\"stk--inner-svg\"><svg style=\"height:0;width:0\"><defs><linearGradient id=\"linear-gradient-b58fa77\" x1=\"0\" x2=\"100%\" y1=\"0\" y2=\"0\"><stop offset=\"0%\" style=\"stop-opacity:1;stop-color:var(--linear-gradient-b-58-fa-77-color-1)\"><\/stop><stop offset=\"100%\" style=\"stop-opacity:1;stop-color:var(--linear-gradient-b-58-fa-77-color-2)\"><\/stop><\/linearGradient><\/defs><\/svg><svg data-prefix=\"fas\" data-icon=\"chevron-down\" class=\"svg-inline--fa fa-chevron-down fa-w-14\" xmlns=\"http:\/\/www.w3.org\/2000\/svg\" viewBox=\"0 0 448 512\" aria-hidden=\"true\" width=\"32\" height=\"32\"><path fill=\"currentColor\" d=\"M207.029 381.476L12.686 187.132c-9.373-9.373-9.373-24.569 0-33.941l22.667-22.667c9.357-9.357 24.522-9.375 33.901-.04L224 284.505l154.745-154.021c9.379-9.335 24.544-9.317 33.901.04l22.667 22.667c9.373 9.373 9.373 24.569 0 33.941L240.971 381.476c-9.373 9.372-24.569 9.372-33.942 0z\"><\/path><\/svg><\/div><\/span><\/div>\n<\/div><\/div>\n<\/div><\/div><\/summary>\n\n\n\n<div class=\"wp-block-stackable-column stk-block-column stk-column stk-block stk-6117418 stk-block-accordion__content\" data-v=\"4\" data-block-id=\"6117418\"><div class=\"stk-column-wrapper stk-block-column__content stk-container stk-6117418-container stk--no-background stk--no-padding\"><div class=\"stk-block-content stk-inner-blocks stk-6117418-inner-blocks\">\n<div class=\"wp-block-stackable-text stk-block-text stk-block stk-4754a30\" data-block-id=\"4754a30\"><style>.stk-4754a30 .stk-block-text__text{font-size:20px !important}@media screen and (max-width:999px){.stk-4754a30 .stk-block-text__text{font-size:20px !important}}<\/style><p class=\"stk-block-text__text\">Atacaremos a los diferentes pigmentos que se encuentran en los hongos, provocando un da\u00f1o t\u00e9rmico  selectivo en el hongo. El laser crea una serie de micro cavitaciones y ondas de choque ac\u00fasticas necesarias para romper la dura capa externa de la espora del hongo, dejando limpio para que el l\u00e1ser nd-yag pueda destruir el microorganismo a trav\u00e9s de un efecto t\u00e9rmico<\/p><\/div>\n<\/div><\/div><\/div>\n<\/details>\n<\/div><\/div><\/div>\n<\/div><\/div>\n","protected":false},"excerpt":{"rendered":"<p>Que es la Onicomicosis? -Trichophyton rubrum (70-80% en pies)-Mohos no dermatofitos (5-10% Manos-pies)-Levaduras (20-30% Manos) Como tratarla con L\u00c0SERQ-SWITCHED ND YAG? Atacaremos a los diferentes pigmentos que se encuentran en los hongos, provocando un da\u00f1o t\u00e9rmico selectivo en el hongo. El laser crea una serie de micro cavitaciones y ondas de choque ac\u00fasticas necesarias para [&hellip;]<\/p>\n","protected":false},"author":1,"featured_media":0,"parent":0,"menu_order":0,"comment_status":"closed","ping_status":"closed","template":"","meta":{"footnotes":""},"class_list":["post-2059","page","type-page","status-publish","hentry"],"blocksy_meta":[],"_links":{"self":[{"href":"https:\/\/perfectwoman.es\/index.php?rest_route=\/wp\/v2\/pages\/2059","targetHints":{"allow":["GET"]}}],"collection":[{"href":"https:\/\/perfectwoman.es\/index.php?rest_route=\/wp\/v2\/pages"}],"about":[{"href":"https:\/\/perfectwoman.es\/index.php?rest_route=\/wp\/v2\/types\/page"}],"author":[{"embeddable":true,"href":"https:\/\/perfectwoman.es\/index.php?rest_route=\/wp\/v2\/users\/1"}],"replies":[{"embeddable":true,"href":"https:\/\/perfectwoman.es\/index.php?rest_route=%2Fwp%2Fv2%2Fcomments&post=2059"}],"version-history":[{"count":25,"href":"https:\/\/perfectwoman.es\/index.php?rest_route=\/wp\/v2\/pages\/2059\/revisions"}],"predecessor-version":[{"id":2103,"href":"https:\/\/perfectwoman.es\/index.php?rest_route=\/wp\/v2\/pages\/2059\/revisions\/2103"}],"wp:attachment":[{"href":"https:\/\/perfectwoman.es\/index.php?rest_route=%2Fwp%2Fv2%2Fmedia&parent=2059"}],"curies":[{"name":"wp","href":"https:\/\/api.w.org\/{rel}","templated":true}]}}