{"id":1905,"date":"2024-03-15T11:26:24","date_gmt":"2024-03-15T10:26:24","guid":{"rendered":"https:\/\/perfectwoman.es\/?page_id=1905"},"modified":"2025-10-17T16:34:30","modified_gmt":"2025-10-17T14:34:30","slug":"corporales","status":"publish","type":"page","link":"https:\/\/perfectwoman.es\/?page_id=1905","title":{"rendered":"Corporales"},"content":{"rendered":"\n<div class=\"wp-block-stackable-columns stk-block-columns stk-block stk-24f4fc7\" data-block-id=\"24f4fc7\"><div class=\"stk-row stk-inner-blocks stk-block-content stk-content-align stk-24f4fc7-column\">\n<div class=\"wp-block-stackable-column stk-block-column stk-column stk-block stk-c337d49\" data-v=\"4\" data-block-id=\"c337d49\"><div class=\"stk-column-wrapper stk-block-column__content stk-container stk-c337d49-container stk--no-background stk--no-padding\"><div class=\"stk-block-content stk-inner-blocks stk-c337d49-inner-blocks\">\n<div class=\"wp-block-stackable-expand stk-block-expand stk-block stk-e1a2855\" data-block-id=\"e1a2855\"><div class=\"stk-inner-blocks stk-block-content\">\n<div class=\"wp-block-stackable-text stk-block-text stk-block stk-f9d4d88 stk-block-expand__short-text\" aria-hidden=\"false\" data-block-id=\"f9d4d88\"><style>.stk-f9d4d88 .stk-block-text__text{color:var(--theme-palette-color-1, #d48074) !important;font-weight:bold !important;}<\/style><p class=\"stk-block-text__text has-text-color\">BIENESTAR Y RELAJACION                       55\u20ac<\/p><\/div>\n\n\n\n<div class=\"wp-block-stackable-button stk-block-button is-style-link stk-block-expand__show-button stk-block stk-bc0f85f\" data-block-id=\"bc0f85f\"><a aria-hidden=\"false\" role=\"button\" aria-expanded=\"false\" class=\"stk-link stk-button stk--hover-effect-darken\" href=\"#\"><span class=\"stk-button__inner-text\">Mostrar m\u00e1s<\/span><\/a><\/div>\n\n\n\n<div class=\"wp-block-stackable-text stk-block-text stk-block stk-c0f24bb stk-block-expand__more-text\" aria-hidden=\"true\" data-block-id=\"c0f24bb\"><style>.stk-c0f24bb .stk-block-text__text{color:#000000 !important;}<\/style><p class=\"stk-block-text__text has-text-color\">(BODY SENSES, consigue una piel renovada, luminosa e hidratada.<\/p><\/div>\n\n\n\n<div class=\"wp-block-stackable-button stk-block-button is-style-link stk-block-expand__hide-button stk-block stk-abb3184\" data-block-id=\"abb3184\"><a aria-hidden=\"true\" role=\"button\" aria-expanded=\"true\" class=\"stk-link stk-button stk--hover-effect-darken\" href=\"#\"><span class=\"stk-button__inner-text\">Mostrar menos<\/span><\/a><\/div>\n<\/div><\/div>\n<\/div><\/div><\/div>\n\n\n\n<div class=\"wp-block-stackable-column stk-block-column stk-column stk-block stk-18b7e1c\" data-v=\"4\" data-block-id=\"18b7e1c\"><div class=\"stk-column-wrapper stk-block-column__content stk-container stk-18b7e1c-container stk--no-background stk--no-padding\"><div class=\"stk-block-content stk-inner-blocks stk-18b7e1c-inner-blocks\">\n<div class=\"wp-block-stackable-expand stk-block-expand stk-block stk-0936c21\" data-block-id=\"0936c21\"><div class=\"stk-inner-blocks stk-block-content\">\n<div class=\"wp-block-stackable-text stk-block-text stk-block stk-ea6a91f stk-block-expand__short-text\" aria-hidden=\"false\" data-block-id=\"ea6a91f\"><style>.stk-ea6a91f .stk-block-text__text{color:var(--theme-palette-color-1, #d48074) !important;font-weight:bold !important;}<\/style><p class=\"stk-block-text__text has-text-color\">EXFOLIACI\u00d3N E HIDRATACION                     55\u20ac<\/p><\/div>\n\n\n\n<div class=\"wp-block-stackable-button stk-block-button is-style-link stk-block-expand__show-button stk-block stk-2cfd15d\" data-block-id=\"2cfd15d\"><a aria-hidden=\"false\" role=\"button\" aria-expanded=\"false\" class=\"stk-link stk-button stk--hover-effect-darken\" href=\"#\"><span class=\"stk-button__inner-text\">Mostrar m\u00e1s<\/span><\/a><\/div>\n\n\n\n<div class=\"wp-block-stackable-text stk-block-text stk-block stk-c0c7c0d stk-block-expand__more-text\" aria-hidden=\"true\" data-block-id=\"c0c7c0d\"><p class=\"stk-block-text__text\"><\/p><\/div>\n\n\n\n<div class=\"wp-block-stackable-button stk-block-button is-style-link stk-block-expand__hide-button stk-block stk-dfbdceb\" data-block-id=\"dfbdceb\"><a aria-hidden=\"true\" role=\"button\" aria-expanded=\"true\" class=\"stk-link stk-button stk--hover-effect-darken\" href=\"#\"><span class=\"stk-button__inner-text\">Mostrar menos<\/span><\/a><\/div>\n<\/div><\/div>\n<\/div><\/div><\/div>\n\n\n\n<div class=\"wp-block-stackable-column stk-block-column stk-column stk-block stk-0a2d826\" data-v=\"4\" data-block-id=\"0a2d826\"><div class=\"stk-column-wrapper stk-block-column__content stk-container stk-0a2d826-container stk--no-background stk--no-padding\"><div class=\"stk-block-content stk-inner-blocks stk-0a2d826-inner-blocks\">\n<div class=\"wp-block-stackable-expand stk-block-expand stk-block stk-f0c1f76\" data-block-id=\"f0c1f76\"><div class=\"stk-inner-blocks stk-block-content\">\n<div class=\"wp-block-stackable-text stk-block-text stk-block stk-2aa6ee9 stk-block-expand__short-text\" aria-hidden=\"false\" data-block-id=\"2aa6ee9\"><style>.stk-2aa6ee9 .stk-block-text__text{color:var(--theme-palette-color-1, #d48074) !important;font-weight:bold !important;}<\/style><p class=\"stk-block-text__text has-text-color\">REDUCTOR SLIM Y SCULP                  50\u20ac<\/p><\/div>\n\n\n\n<div class=\"wp-block-stackable-button stk-block-button is-style-link stk-block-expand__show-button stk-block stk-0bacd1e\" data-block-id=\"0bacd1e\"><a aria-hidden=\"false\" role=\"button\" aria-expanded=\"false\" class=\"stk-link stk-button stk--hover-effect-darken\" href=\"#\"><span class=\"stk-button__inner-text\">Mostrar m\u00e1s<\/span><\/a><\/div>\n\n\n\n<div class=\"wp-block-stackable-text stk-block-text stk-block stk-0d9255d stk-block-expand__more-text\" aria-hidden=\"true\" data-block-id=\"0d9255d\"><p class=\"stk-block-text__text\">Destinado a tratar la grasa localizada y moldear la silueta (por zona)<\/p><\/div>\n\n\n\n<div class=\"wp-block-stackable-button stk-block-button is-style-link stk-block-expand__hide-button stk-block stk-036b208\" data-block-id=\"036b208\"><a aria-hidden=\"true\" role=\"button\" aria-expanded=\"true\" class=\"stk-link stk-button stk--hover-effect-darken\" href=\"#\"><span class=\"stk-button__inner-text\">Mostrar menos<\/span><\/a><\/div>\n<\/div><\/div>\n<\/div><\/div><\/div>\n<\/div><\/div>\n\n\n\n<div class=\"wp-block-stackable-spacer stk-block-spacer stk--no-padding stk-block stk-26c0479 stk-block-background stk--has-background-overlay\" data-block-id=\"26c0479\"><style>.stk-26c0479 {height:150px !important;}<\/style><video class=\"stk-video-background\" autoplay muted loop playsinline src=\"https:\/\/perfectwoman.es\/wp-content\/uploads\/2024\/03\/masaje-relajante-2.mp4\" poster=\"\"><\/video><\/div>\n\n\n\n<div class=\"wp-block-stackable-columns stk-block-columns stk-block stk-4d84bdd\" data-block-id=\"4d84bdd\"><div class=\"stk-row stk-inner-blocks stk-block-content stk-content-align stk-4d84bdd-column\">\n<div class=\"wp-block-stackable-column stk-block-column stk-column stk-block stk-dc38150\" data-v=\"4\" data-block-id=\"dc38150\"><div class=\"stk-column-wrapper stk-block-column__content stk-container stk-dc38150-container stk--no-background stk--no-padding\"><div class=\"stk-block-content stk-inner-blocks stk-dc38150-inner-blocks\">\n<div class=\"wp-block-stackable-expand stk-block-expand stk-block stk-bd5eedb\" data-block-id=\"bd5eedb\"><div class=\"stk-inner-blocks stk-block-content\">\n<div class=\"wp-block-stackable-text stk-block-text stk-block stk-ae5fbf0 stk-block-expand__short-text\" aria-hidden=\"false\" data-block-id=\"ae5fbf0\"><style>.stk-ae5fbf0 .stk-block-text__text{color:var(--theme-palette-color-1, #d48074) !important;font-weight:bold !important;}<\/style><p class=\"stk-block-text__text has-text-color\">CAVITACION Y PRESOTERAPIA                 50\u20ac<\/p><\/div>\n\n\n\n<div class=\"wp-block-stackable-button stk-block-button is-style-link stk-block-expand__show-button stk-block stk-0ef844a\" data-block-id=\"0ef844a\"><a aria-hidden=\"false\" role=\"button\" aria-expanded=\"false\" class=\"stk-link stk-button stk--hover-effect-darken\" href=\"#\"><span class=\"stk-button__inner-text\">Mostrar m\u00e1s<\/span><\/a><\/div>\n\n\n\n<div class=\"wp-block-stackable-text stk-block-text stk-block stk-f5cb308 stk-block-expand__more-text\" aria-hidden=\"true\" data-block-id=\"f5cb308\"><p class=\"stk-block-text__text\">Tratamiento reductor y anticelul\u00edtico por zona<\/p><\/div>\n\n\n\n<div class=\"wp-block-stackable-button stk-block-button is-style-link stk-block-expand__hide-button stk-block stk-0ed0c75\" data-block-id=\"0ed0c75\"><a aria-hidden=\"true\" role=\"button\" aria-expanded=\"true\" class=\"stk-link stk-button stk--hover-effect-darken\" href=\"#\"><span class=\"stk-button__inner-text\">Mostrar menos<\/span><\/a><\/div>\n<\/div><\/div>\n<\/div><\/div><\/div>\n\n\n\n<div class=\"wp-block-stackable-column stk-block-column stk-column stk-block stk-79e10ce\" data-v=\"4\" data-block-id=\"79e10ce\"><div class=\"stk-column-wrapper stk-block-column__content stk-container stk-79e10ce-container stk--no-background stk--no-padding\"><div class=\"stk-block-content stk-inner-blocks stk-79e10ce-inner-blocks\">\n<div class=\"wp-block-stackable-expand stk-block-expand stk-block stk-3ee4bbe\" data-block-id=\"3ee4bbe\"><div class=\"stk-inner-blocks stk-block-content\">\n<div class=\"wp-block-stackable-text stk-block-text stk-block stk-7367eec stk-block-expand__short-text\" aria-hidden=\"false\" data-block-id=\"7367eec\"><style>.stk-7367eec .stk-block-text__text{color:var(--theme-palette-color-1, #d48074) !important;font-weight:bold !important;}<\/style><p class=\"stk-block-text__text has-text-color\">PRESOTERAPIA                                              25\u20ac<\/p><\/div>\n\n\n\n<div class=\"wp-block-stackable-button stk-block-button is-style-link stk-block-expand__show-button stk-block stk-99b6ad7\" data-block-id=\"99b6ad7\"><a aria-hidden=\"false\" role=\"button\" aria-expanded=\"false\" class=\"stk-link stk-button stk--hover-effect-darken\" href=\"#\"><span class=\"stk-button__inner-text\">Mostrar m\u00e1s<\/span><\/a><\/div>\n\n\n\n<div class=\"wp-block-stackable-text stk-block-text stk-block stk-991bfc9 stk-block-expand__more-text\" aria-hidden=\"true\" data-block-id=\"991bfc9\"><p class=\"stk-block-text__text\">Mejora la circulaci\u00f3n, las piernas cansadas, estimula la eliminaci\u00f3n de l\u00edquidos, reduce la celulitis, y es muy efectiva en tratamientos reductores<\/p><\/div>\n\n\n\n<div class=\"wp-block-stackable-button stk-block-button is-style-link stk-block-expand__hide-button stk-block stk-fb085ec\" data-block-id=\"fb085ec\"><a aria-hidden=\"true\" role=\"button\" aria-expanded=\"true\" class=\"stk-link stk-button stk--hover-effect-darken\" href=\"#\"><span class=\"stk-button__inner-text\">Mostrar menos<\/span><\/a><\/div>\n<\/div><\/div>\n<\/div><\/div><\/div>\n\n\n\n<div class=\"wp-block-stackable-column stk-block-column stk-column stk-block stk-00345b2\" data-v=\"4\" data-block-id=\"00345b2\"><div class=\"stk-column-wrapper stk-block-column__content stk-container stk-00345b2-container stk--no-background stk--no-padding\"><div class=\"stk-block-content stk-inner-blocks stk-00345b2-inner-blocks\">\n<div class=\"wp-block-stackable-expand stk-block-expand stk-block stk-de52317\" data-block-id=\"de52317\"><div class=\"stk-inner-blocks stk-block-content\">\n<div class=\"wp-block-stackable-text stk-block-text stk-block stk-e7b80ff stk-block-expand__short-text\" aria-hidden=\"false\" data-block-id=\"e7b80ff\"><style>.stk-e7b80ff .stk-block-text__text{color:var(--theme-palette-color-1, #d48074) !important;font-weight:bold !important;}<\/style><p class=\"stk-block-text__text has-text-color\">MASAJE RELAJANTE                   desde  25\u20ac<\/p><\/div>\n\n\n\n<div class=\"wp-block-stackable-button stk-block-button is-style-link stk-block-expand__show-button stk-block stk-c98dc2d\" data-block-id=\"c98dc2d\"><a aria-hidden=\"false\" role=\"button\" aria-expanded=\"false\" class=\"stk-link stk-button stk--hover-effect-darken\" href=\"#\"><span class=\"stk-button__inner-text\">Mostrar m\u00e1s<\/span><\/a><\/div>\n\n\n\n<div class=\"wp-block-stackable-text stk-block-text stk-block stk-4fd8a6a stk-block-expand__more-text\" aria-hidden=\"true\" data-block-id=\"4fd8a6a\"><p class=\"stk-block-text__text\">Terapia manual destinada a mejorar el bienestar, puede ser de  30 mm,  45mm o 60mm<\/p><\/div>\n\n\n\n<div class=\"wp-block-stackable-button stk-block-button is-style-link stk-block-expand__hide-button stk-block stk-be5c239\" data-block-id=\"be5c239\"><a aria-hidden=\"true\" role=\"button\" aria-expanded=\"true\" class=\"stk-link stk-button stk--hover-effect-darken\" href=\"#\"><span class=\"stk-button__inner-text\">Mostrar menos<\/span><\/a><\/div>\n<\/div><\/div>\n<\/div><\/div><\/div>\n<\/div><\/div>\n\n\n\n<div class=\"wp-block-stackable-spacer stk-block-spacer stk--no-padding stk-block stk-43496e8\" data-block-id=\"43496e8\"><style>.stk-43496e8 {height:0px !important;}<\/style><\/div>\n\n\n\n<div class=\"wp-block-stackable-columns stk-block-columns stk-block stk-7bc3c42\" data-block-id=\"7bc3c42\"><div class=\"stk-row stk-inner-blocks stk-block-content stk-content-align stk-7bc3c42-column\">\n<div class=\"wp-block-stackable-column stk-block-column stk-column stk-block stk-4a8ff88\" data-v=\"4\" data-block-id=\"4a8ff88\"><div class=\"stk-column-wrapper stk-block-column__content stk-container stk-4a8ff88-container stk--no-background stk--no-padding\"><div class=\"stk-block-content stk-inner-blocks stk-4a8ff88-inner-blocks\">\n<figure class=\"wp-block-image size-full\"><img loading=\"lazy\" decoding=\"async\" width=\"465\" height=\"405\" src=\"https:\/\/perfectwoman.es\/wp-content\/uploads\/2024\/03\/Corporales-1.jpg\" alt=\"\" class=\"wp-image-1956\" srcset=\"https:\/\/perfectwoman.es\/wp-content\/uploads\/2024\/03\/Corporales-1.jpg 465w, https:\/\/perfectwoman.es\/wp-content\/uploads\/2024\/03\/Corporales-1-300x261.jpg 300w\" sizes=\"auto, (max-width: 465px) 100vw, 465px\" \/><\/figure>\n<\/div><\/div><\/div>\n\n\n\n<div class=\"wp-block-stackable-column stk-block-column stk-column stk-block stk-78f0c7c\" data-v=\"4\" data-block-id=\"78f0c7c\"><div class=\"stk-column-wrapper stk-block-column__content stk-container stk-78f0c7c-container stk--no-background stk--no-padding\"><div class=\"stk-block-content stk-inner-blocks stk-78f0c7c-inner-blocks\">\n<div class=\"wp-block-stackable-expand stk-block-expand stk-block stk-a969ab3\" data-block-id=\"a969ab3\"><div class=\"stk-inner-blocks stk-block-content\">\n<div class=\"wp-block-stackable-text stk-block-text stk-block stk-ad68890 stk-block-expand__short-text\" aria-hidden=\"false\" data-block-id=\"ad68890\"><style>.stk-ad68890 .stk-block-text__text{color:var(--theme-palette-color-1, #d48074) !important;font-weight:bold !important;}<\/style><p class=\"stk-block-text__text has-text-color\">MASAJE REDUCTOR Y DRENANTE      desde 35\u20ac<\/p><\/div>\n\n\n\n<div class=\"wp-block-stackable-button stk-block-button is-style-link stk-block-expand__show-button stk-block stk-c14b998\" data-block-id=\"c14b998\"><a aria-hidden=\"false\" role=\"button\" aria-expanded=\"false\" class=\"stk-link stk-button stk--hover-effect-darken\" href=\"#\"><span class=\"stk-button__inner-text\">Mostrar m\u00e1s<\/span><\/a><\/div>\n\n\n\n<div class=\"wp-block-stackable-text stk-block-text stk-block stk-acc67bb stk-block-expand__more-text\" aria-hidden=\"true\" data-block-id=\"acc67bb\"><p class=\"stk-block-text__text\">De forma manual y con ventosa activamos la eliminaci\u00f3n de l\u00edquido retenido, mejorando as\u00ed la textura de la piel y favoreciendo la eliminaci\u00f3n de grasas, para conseguir una remodelaci\u00f3n del cuerpo. Puede ser 30mm, 45mm o 60mm<\/p><\/div>\n\n\n\n<div class=\"wp-block-stackable-button stk-block-button is-style-link stk-block-expand__hide-button stk-block stk-4880ba4\" data-block-id=\"4880ba4\"><a aria-hidden=\"true\" role=\"button\" aria-expanded=\"true\" class=\"stk-link stk-button stk--hover-effect-darken\" href=\"#\"><span class=\"stk-button__inner-text\">Mostrar menos<\/span><\/a><\/div>\n<\/div><\/div>\n<\/div><\/div><\/div>\n\n\n\n<div class=\"wp-block-stackable-column stk-block-column stk-column stk-block stk-5e0fe79\" data-v=\"4\" data-block-id=\"5e0fe79\"><div class=\"stk-column-wrapper stk-block-column__content stk-container stk-5e0fe79-container stk--no-background stk--no-padding\"><div class=\"stk-block-content stk-inner-blocks stk-5e0fe79-inner-blocks\">\n<div class=\"wp-block-stackable-expand stk-block-expand stk-block stk-cae1c94\" data-block-id=\"cae1c94\"><div class=\"stk-inner-blocks stk-block-content\">\n<div class=\"wp-block-stackable-text stk-block-text stk-block stk-8752d83 stk-block-expand__short-text\" aria-hidden=\"false\" data-block-id=\"8752d83\"><style>.stk-8752d83 .stk-block-text__text{color:var(--theme-palette-color-1, #d48074) !important;font-weight:bold !important;}<\/style><p class=\"stk-block-text__text has-text-color\">MADEROTERAPIA                            55\u20ac<\/p><\/div>\n\n\n\n<div class=\"wp-block-stackable-button stk-block-button is-style-link stk-block-expand__show-button stk-block stk-f242e52\" data-block-id=\"f242e52\"><a aria-hidden=\"false\" role=\"button\" aria-expanded=\"false\" class=\"stk-link stk-button stk--hover-effect-darken\" href=\"#\"><span class=\"stk-button__inner-text\">Mostrar m\u00e1s<\/span><\/a><\/div>\n\n\n\n<div class=\"wp-block-stackable-text stk-block-text stk-block stk-592d2f8 stk-block-expand__more-text\" aria-hidden=\"true\" data-block-id=\"592d2f8\"><p class=\"stk-block-text__text\">Es una terapia natural que consiste en estimular el cuerpo mediante t\u00e9cnicas de masaje con utensilios de madera.<br>Mediante movimientos y presi\u00f3n en puntos del cuerpo, se busca una reacci\u00f3n de bienestar, reducir los niveles de estr\u00e9s, y aliviar los dolores musculares y articulares<\/p><\/div>\n\n\n\n<div class=\"wp-block-stackable-button stk-block-button is-style-link stk-block-expand__hide-button stk-block stk-4d6b44e\" data-block-id=\"4d6b44e\"><a aria-hidden=\"true\" role=\"button\" aria-expanded=\"true\" class=\"stk-link stk-button stk--hover-effect-darken\" href=\"#\"><span class=\"stk-button__inner-text\">Mostrar menos<\/span><\/a><\/div>\n<\/div><\/div>\n<\/div><\/div><\/div>\n<\/div><\/div>\n","protected":false},"excerpt":{"rendered":"<p>BIENESTAR Y RELAJACION 55\u20ac Mostrar m\u00e1s (BODY SENSES, consigue una piel renovada, luminosa e hidratada. Mostrar menos EXFOLIACI\u00d3N E HIDRATACION 55\u20ac Mostrar m\u00e1s Mostrar menos REDUCTOR SLIM Y SCULP 50\u20ac Mostrar m\u00e1s Destinado a tratar la grasa localizada y moldear la silueta (por zona) Mostrar menos CAVITACION Y PRESOTERAPIA 50\u20ac Mostrar m\u00e1s Tratamiento reductor y [&hellip;]<\/p>\n","protected":false},"author":1,"featured_media":0,"parent":0,"menu_order":0,"comment_status":"closed","ping_status":"closed","template":"","meta":{"footnotes":""},"class_list":["post-1905","page","type-page","status-publish","hentry"],"blocksy_meta":[],"_links":{"self":[{"href":"https:\/\/perfectwoman.es\/index.php?rest_route=\/wp\/v2\/pages\/1905","targetHints":{"allow":["GET"]}}],"collection":[{"href":"https:\/\/perfectwoman.es\/index.php?rest_route=\/wp\/v2\/pages"}],"about":[{"href":"https:\/\/perfectwoman.es\/index.php?rest_route=\/wp\/v2\/types\/page"}],"author":[{"embeddable":true,"href":"https:\/\/perfectwoman.es\/index.php?rest_route=\/wp\/v2\/users\/1"}],"replies":[{"embeddable":true,"href":"https:\/\/perfectwoman.es\/index.php?rest_route=%2Fwp%2Fv2%2Fcomments&post=1905"}],"version-history":[{"count":11,"href":"https:\/\/perfectwoman.es\/index.php?rest_route=\/wp\/v2\/pages\/1905\/revisions"}],"predecessor-version":[{"id":2158,"href":"https:\/\/perfectwoman.es\/index.php?rest_route=\/wp\/v2\/pages\/1905\/revisions\/2158"}],"wp:attachment":[{"href":"https:\/\/perfectwoman.es\/index.php?rest_route=%2Fwp%2Fv2%2Fmedia&parent=1905"}],"curies":[{"name":"wp","href":"https:\/\/api.w.org\/{rel}","templated":true}]}}