{"id":1833,"date":"2024-03-14T10:58:25","date_gmt":"2024-03-14T09:58:25","guid":{"rendered":"https:\/\/perfectwoman.es\/?page_id=1833"},"modified":"2025-10-17T16:32:49","modified_gmt":"2025-10-17T14:32:49","slug":"faciales","status":"publish","type":"page","link":"https:\/\/perfectwoman.es\/?page_id=1833","title":{"rendered":"Faciales"},"content":{"rendered":"\n<div class=\"wp-block-stackable-columns stk-block-columns stk-block stk-aabf9f7\" data-block-id=\"aabf9f7\"><div class=\"stk-row stk-inner-blocks stk-block-content stk-content-align stk-aabf9f7-column\">\n<div class=\"wp-block-stackable-column stk-block-column stk-column stk-block stk-8712441\" data-v=\"4\" data-block-id=\"8712441\"><div class=\"stk-column-wrapper stk-block-column__content stk-container stk-8712441-container stk--no-background stk--no-padding\"><div class=\"stk-block-content stk-inner-blocks stk-8712441-inner-blocks\">\n<div class=\"wp-block-stackable-expand stk-block-expand stk-block stk-615fa80\" data-block-id=\"615fa80\"><div class=\"stk-inner-blocks stk-block-content\">\n<div class=\"wp-block-stackable-text stk-block-text stk-block stk-2ba7106 stk-block-expand__short-text\" aria-hidden=\"false\" data-block-id=\"2ba7106\"><style>.stk-2ba7106 .stk-block-text__text{color:var(--theme-palette-color-4, #192a3d) !important;font-weight:bold !important;}<\/style><p class=\"stk-block-text__text has-text-color\">HIGIENE  FACIAL        desde 40 \u20ac<\/p><\/div>\n\n\n\n<div class=\"wp-block-stackable-button stk-block-button is-style-link stk-block-expand__show-button stk-block stk-a5fc5bc\" data-block-id=\"a5fc5bc\"><a aria-hidden=\"false\" role=\"button\" aria-expanded=\"false\" class=\"stk-link stk-button stk--hover-effect-darken\" href=\"#\"><span class=\"stk-button__inner-text\">Mostrar m\u00e1s<\/span><\/a><\/div>\n\n\n\n<div class=\"wp-block-stackable-text stk-block-text stk-block stk-1c05c14 stk-block-expand__more-text\" aria-hidden=\"true\" data-block-id=\"1c05c14\"><p class=\"stk-block-text__text\"><strong>Consigue una piel suave, limpia y tersa. elimina impurezas, c\u00e9lulas muertas, puntos negros y acn\u00e9<\/strong><\/p><\/div>\n\n\n\n<div class=\"wp-block-stackable-button stk-block-button is-style-link stk-block-expand__hide-button stk-block stk-7eb4749\" data-block-id=\"7eb4749\"><a aria-hidden=\"true\" role=\"button\" aria-expanded=\"true\" class=\"stk-link stk-button stk--hover-effect-darken\" href=\"#\"><span class=\"stk-button__inner-text\">Mostrar menos<\/span><\/a><\/div>\n<\/div><\/div>\n<\/div><\/div><\/div>\n\n\n\n<div class=\"wp-block-stackable-column stk-block-column stk-column stk-block stk-dced510\" data-v=\"4\" data-block-id=\"dced510\"><div class=\"stk-column-wrapper stk-block-column__content stk-container stk-dced510-container stk--no-background stk--no-padding\"><div class=\"stk-block-content stk-inner-blocks stk-dced510-inner-blocks\">\n<div class=\"wp-block-stackable-expand stk-block-expand stk-block stk-c021172\" data-block-id=\"c021172\"><div class=\"stk-inner-blocks stk-block-content\">\n<div class=\"wp-block-stackable-text stk-block-text stk-block stk-9c59473 stk-block-expand__short-text\" aria-hidden=\"false\" data-block-id=\"9c59473\"><style>.stk-9c59473 .stk-block-text__text{color:var(--theme-palette-color-4, #192a3d) !important;font-weight:bold !important;}<\/style><p class=\"stk-block-text__text has-text-color\">VITAMINA C                              45\u20ac <\/p><\/div>\n\n\n\n<div class=\"wp-block-stackable-button stk-block-button is-style-link stk-block-expand__show-button stk-block stk-a81e518\" data-block-id=\"a81e518\"><a aria-hidden=\"false\" role=\"button\" aria-expanded=\"false\" class=\"stk-link stk-button stk--hover-effect-darken\" href=\"#\"><span class=\"stk-button__inner-text\">Mostrar m\u00e1s<\/span><\/a><\/div>\n\n\n\n<div class=\"wp-block-stackable-text stk-block-text stk-block stk-56eb126 stk-block-expand__more-text\" aria-hidden=\"true\" data-block-id=\"56eb126\"><p class=\"stk-block-text__text\"><strong>Poder antioxidante que genera la formaci\u00f3n de col\u00e1geno, regenera, hidrata e ilumina<\/strong><\/p><\/div>\n\n\n\n<div class=\"wp-block-stackable-button stk-block-button is-style-link stk-block-expand__hide-button stk-block stk-5cb2d7e\" data-block-id=\"5cb2d7e\"><a aria-hidden=\"true\" role=\"button\" aria-expanded=\"true\" class=\"stk-link stk-button stk--hover-effect-darken\" href=\"#\"><span class=\"stk-button__inner-text\">Mostrar menos<\/span><\/a><\/div>\n<\/div><\/div>\n<\/div><\/div><\/div>\n\n\n\n<div class=\"wp-block-stackable-column stk-block-column stk-column stk-block stk-48346d0\" data-v=\"4\" data-block-id=\"48346d0\"><div class=\"stk-column-wrapper stk-block-column__content stk-container stk-48346d0-container stk--no-background stk--no-padding\"><div class=\"stk-block-content stk-inner-blocks stk-48346d0-inner-blocks\">\n<div class=\"wp-block-stackable-expand stk-block-expand stk-block stk-e52683f\" data-block-id=\"e52683f\"><div class=\"stk-inner-blocks stk-block-content\">\n<div class=\"wp-block-stackable-text stk-block-text stk-block stk-69c9b25 stk-block-expand__short-text\" aria-hidden=\"false\" data-block-id=\"69c9b25\"><style>.stk-69c9b25 .stk-block-text__text{color:var(--theme-palette-color-4, #192a3d) !important;font-weight:bold !important;}<\/style><p class=\"stk-block-text__text has-text-color\">HYALUFEEL                               45\u20ac<\/p><\/div>\n\n\n\n<div class=\"wp-block-stackable-button stk-block-button is-style-link stk-block-expand__show-button stk-block stk-5a5504a\" data-block-id=\"5a5504a\"><a aria-hidden=\"false\" role=\"button\" aria-expanded=\"false\" class=\"stk-link stk-button stk--hover-effect-darken\" href=\"#\"><span class=\"stk-button__inner-text\">Mostrar m\u00e1s<\/span><\/a><\/div>\n\n\n\n<div class=\"wp-block-stackable-text stk-block-text stk-block stk-47351c8 stk-block-expand__more-text\" aria-hidden=\"true\" data-block-id=\"47351c8\"><p class=\"stk-block-text__text\"><strong>Con acido hialuronico y vitaminas encapsuladas 89% origen natural (apto veganos) Piel superhidratada, el\u00e1stica y luminosa<\/strong><\/p><\/div>\n\n\n\n<div class=\"wp-block-stackable-button stk-block-button is-style-link stk-block-expand__hide-button stk-block stk-8a86f94\" data-block-id=\"8a86f94\"><a aria-hidden=\"true\" role=\"button\" aria-expanded=\"true\" class=\"stk-link stk-button stk--hover-effect-darken\" href=\"#\"><span class=\"stk-button__inner-text\">Mostrar menos<\/span><\/a><\/div>\n<\/div><\/div>\n<\/div><\/div><\/div>\n<\/div><\/div>\n\n\n\n<div class=\"wp-block-stackable-divider stk-block-divider stk-block stk-8bf83e1 stk-block-background is-style-asterisks stk--has-background-overlay\" data-block-id=\"8bf83e1\"><style>.stk-8bf83e1 .stk-block-divider__dot:before{font-size:calc(29px * 1.8) !important;}.stk-8bf83e1 .stk-block-divider__dot{width:29px !important;height:29px !important;}.stk-8bf83e1 .stk-block-divider__dots{width:14% !important;}.stk-8bf83e1 {background-color:var(--theme-palette-color-3, #efe1dd) !important;margin-bottom:17px !important;}.stk-8bf83e1:before{background-color:var(--theme-palette-color-3, #efe1dd) !important;opacity:0.5 !important;}@media screen and (max-width:689px){.stk-8bf83e1 .stk-block-divider__dot:before{font-size:calc(14px * 1.8) !important;}.stk-8bf83e1 .stk-block-divider__dot{width:14px !important;height:14px !important;}.stk-8bf83e1 .stk-block-divider__dots{width:18% !important;}}<\/style><div class=\"stk-block-divider__dots\" aria-hidden=\"true\"><div class=\"stk-block-divider__dot\"><\/div><div class=\"stk-block-divider__dot\"><\/div><div class=\"stk-block-divider__dot\"><\/div><\/div><video class=\"stk-video-background\" autoplay muted loop playsinline src=\"https:\/\/perfectwoman.es\/wp-content\/uploads\/2024\/03\/Radiofrecuencia-facial-mas-aplicacion-de-colageno2_2.mp4\" poster=\"\"><\/video><\/div>\n\n\n\n<div class=\"wp-block-stackable-columns stk-block-columns stk-block stk-4ecabf0\" data-block-id=\"4ecabf0\"><div class=\"stk-row stk-inner-blocks stk-block-content stk-content-align stk-4ecabf0-column\">\n<div class=\"wp-block-stackable-column stk-block-column stk-column stk-block stk-6a032ae\" data-v=\"4\" data-block-id=\"6a032ae\"><div class=\"stk-column-wrapper stk-block-column__content stk-container stk-6a032ae-container stk--no-background stk--no-padding\"><div class=\"stk-block-content stk-inner-blocks stk-6a032ae-inner-blocks\">\n<div class=\"wp-block-stackable-expand stk-block-expand stk-block stk-d428ea8\" data-block-id=\"d428ea8\"><div class=\"stk-inner-blocks stk-block-content\">\n<div class=\"wp-block-stackable-text stk-block-text stk-block stk-229a6d6 stk-block-expand__short-text\" aria-hidden=\"false\" data-block-id=\"229a6d6\"><style>.stk-229a6d6 .stk-block-text__text{color:#000000 !important;font-weight:bold !important;}<\/style><p class=\"stk-block-text__text has-text-color\">OXIGEN                                     45\u20ac<\/p><\/div>\n\n\n\n<div class=\"wp-block-stackable-button stk-block-button is-style-link stk-block-expand__show-button stk-block stk-84c39ae\" data-block-id=\"84c39ae\"><a aria-hidden=\"false\" role=\"button\" aria-expanded=\"false\" class=\"stk-link stk-button stk--hover-effect-darken\" href=\"#\"><span class=\"stk-button__inner-text\">Mostrar m\u00e1s<\/span><\/a><\/div>\n\n\n\n<div class=\"wp-block-stackable-text stk-block-text stk-block stk-806a0ce stk-block-expand__more-text\" aria-hidden=\"true\" data-block-id=\"806a0ce\"><p class=\"stk-block-text__text\"><strong>Aporta vitalidad, protecci\u00f3n, ox\u00edgeno y energ\u00eda a pieles asfixiadas con signos de fatiga<\/strong><\/p><\/div>\n\n\n\n<div class=\"wp-block-stackable-button stk-block-button is-style-link stk-block-expand__hide-button stk-block stk-a488282\" data-block-id=\"a488282\"><a aria-hidden=\"true\" role=\"button\" aria-expanded=\"true\" class=\"stk-link stk-button stk--hover-effect-darken\" href=\"#\"><span class=\"stk-button__inner-text\">Mostrar menos<\/span><\/a><\/div>\n<\/div><\/div>\n<\/div><\/div><\/div>\n\n\n\n<div class=\"wp-block-stackable-column stk-block-column stk-column stk-block stk-d1f3669\" data-v=\"4\" data-block-id=\"d1f3669\"><div class=\"stk-column-wrapper stk-block-column__content stk-container stk-d1f3669-container stk--no-background stk--no-padding\"><div class=\"stk-block-content stk-inner-blocks stk-d1f3669-inner-blocks\">\n<div class=\"wp-block-stackable-expand stk-block-expand stk-block stk-b160622\" data-block-id=\"b160622\"><div class=\"stk-inner-blocks stk-block-content\">\n<div class=\"wp-block-stackable-text stk-block-text stk-block stk-9028b92 stk-block-expand__short-text\" aria-hidden=\"false\" data-block-id=\"9028b92\"><style>.stk-9028b92 .stk-block-text__text{color:#000000 !important;font-weight:bold !important;}<\/style><p class=\"stk-block-text__text has-text-color\"><strong>NUTRITIVO                               45\u20ac<\/strong><\/p><\/div>\n\n\n\n<div class=\"wp-block-stackable-button stk-block-button is-style-link stk-block-expand__show-button stk-block stk-15066d3\" data-block-id=\"15066d3\"><a aria-hidden=\"false\" role=\"button\" aria-expanded=\"false\" class=\"stk-link stk-button stk--hover-effect-darken\" href=\"#\"><span class=\"stk-button__inner-text\">Mostrar m\u00e1s<\/span><\/a><\/div>\n\n\n\n<div class=\"wp-block-stackable-text stk-block-text stk-block stk-e08646a stk-block-expand__more-text\" aria-hidden=\"true\" data-block-id=\"e08646a\"><p class=\"stk-block-text__text\">Con vitaminas, acido hialur\u00f3nico y factores de crecimiento que promueven la generaci\u00f3n de col\u00e1geno y elastina, resultando una piel hidratada, el\u00e1stica , tersa, suave y luminosa<\/p><\/div>\n\n\n\n<div class=\"wp-block-stackable-button stk-block-button is-style-link stk-block-expand__hide-button stk-block stk-dd6f224\" data-block-id=\"dd6f224\"><a aria-hidden=\"true\" role=\"button\" aria-expanded=\"true\" class=\"stk-link stk-button stk--hover-effect-darken\" href=\"#\"><span class=\"stk-button__inner-text\">Mostrar menos<\/span><\/a><\/div>\n<\/div><\/div>\n<\/div><\/div><\/div>\n\n\n\n<div class=\"wp-block-stackable-column stk-block-column stk-column stk-block stk-686c1bb\" data-v=\"4\" data-block-id=\"686c1bb\"><div class=\"stk-column-wrapper stk-block-column__content stk-container stk-686c1bb-container stk--no-background stk--no-padding\"><div class=\"stk-block-content stk-inner-blocks stk-686c1bb-inner-blocks\">\n<div class=\"wp-block-stackable-expand stk-block-expand stk-block stk-21b0cad\" data-block-id=\"21b0cad\"><div class=\"stk-inner-blocks stk-block-content\">\n<div class=\"wp-block-stackable-text stk-block-text stk-block stk-fc891fd stk-block-expand__short-text\" aria-hidden=\"false\" data-block-id=\"fc891fd\"><style>.stk-fc891fd .stk-block-text__text{color:#000000 !important;font-weight:bold !important;}<\/style><p class=\"stk-block-text__text has-text-color\">RADIOFRECUENCIA + COLAGENO 50\u20ac<\/p><\/div>\n\n\n\n<div class=\"wp-block-stackable-button stk-block-button is-style-link stk-block-expand__show-button stk-block stk-7d1566e\" data-block-id=\"7d1566e\"><a aria-hidden=\"false\" role=\"button\" aria-expanded=\"false\" class=\"stk-link stk-button stk--hover-effect-darken\" href=\"#\"><span class=\"stk-button__inner-text\">Mostrar m\u00e1s<\/span><\/a><\/div>\n\n\n\n<div class=\"wp-block-stackable-text stk-block-text stk-block stk-61750e6 stk-block-expand__more-text\" aria-hidden=\"true\" data-block-id=\"61750e6\"><p class=\"stk-block-text__text\">Estimula la producci\u00f3n e col\u00e1geno consiguiendo la tensi\u00f3n del tejido para disminuir la flacidez y las l\u00edneas de expresi\u00f3n. tiene efector tensor y flash<\/p><\/div>\n\n\n\n<div class=\"wp-block-stackable-button stk-block-button is-style-link stk-block-expand__hide-button stk-block stk-78ee735\" data-block-id=\"78ee735\"><a aria-hidden=\"true\" role=\"button\" aria-expanded=\"true\" class=\"stk-link stk-button stk--hover-effect-darken\" href=\"#\"><span class=\"stk-button__inner-text\">Mostrar menos<\/span><\/a><\/div>\n<\/div><\/div>\n<\/div><\/div><\/div>\n<\/div><\/div>\n\n\n\n<div class=\"wp-block-stackable-divider stk-block-divider stk-block stk-847c89a stk-block-background is-style-asterisks stk--has-background-overlay\" data-block-id=\"847c89a\"><style>.stk-847c89a .stk-block-divider__dot:before{font-size:calc(32px * 1.8) !important;}.stk-847c89a .stk-block-divider__dot{width:32px !important;height:32px !important;}.stk-847c89a .stk-block-divider__dots{width:14% !important;}.stk-847c89a {background-color:var(--theme-palette-color-3, #efe1dd) !important;background-image:url(https:\/\/perfectwoman.es\/wp-content\/uploads\/2024\/03\/faciales.jpg) !important;margin-bottom:13px !important;}.stk-847c89a:before{background-color:var(--theme-palette-color-3, #efe1dd) !important;opacity:0.5 !important;}@media screen and (max-width:689px){.stk-847c89a .stk-block-divider__dot:before{font-size:calc(18px * 1.8) !important;}.stk-847c89a .stk-block-divider__dot{width:18px !important;height:18px !important;}}<\/style><div class=\"stk-block-divider__dots\" aria-hidden=\"true\"><div class=\"stk-block-divider__dot\"><\/div><div class=\"stk-block-divider__dot\"><\/div><div class=\"stk-block-divider__dot\"><\/div><\/div><\/div>\n\n\n\n<div class=\"wp-block-stackable-columns stk-block-columns stk-block stk-12248b5\" data-block-id=\"12248b5\"><style>.stk-12248b5 {margin-bottom:28px !important;}<\/style><div class=\"stk-row stk-inner-blocks stk-block-content stk-content-align stk-12248b5-column\">\n<div class=\"wp-block-stackable-column stk-block-column stk-column stk-block stk-f899f30\" data-v=\"4\" data-block-id=\"f899f30\"><div class=\"stk-column-wrapper stk-block-column__content stk-container stk-f899f30-container stk--no-background stk--no-padding\"><div class=\"stk-block-content stk-inner-blocks stk-f899f30-inner-blocks\">\n<div class=\"wp-block-stackable-expand stk-block-expand stk-block stk-965d477\" data-block-id=\"965d477\"><div class=\"stk-inner-blocks stk-block-content\">\n<div class=\"wp-block-stackable-text stk-block-text stk-block stk-cc905f3 stk-block-expand__short-text\" aria-hidden=\"false\" data-block-id=\"cc905f3\"><style>.stk-cc905f3 .stk-block-text__text{color:#000000 !important;font-weight:bold !important;}<\/style><p class=\"stk-block-text__text has-text-color\">MICRODERMOABRASION +MASCARA LED<br>                                                  55\u20ac<\/p><\/div>\n\n\n\n<div class=\"wp-block-stackable-button stk-block-button is-style-link stk-block-expand__show-button stk-block stk-eddb988\" data-block-id=\"eddb988\"><a aria-hidden=\"false\" role=\"button\" aria-expanded=\"false\" class=\"stk-link stk-button stk--hover-effect-darken\" href=\"#\"><span class=\"stk-button__inner-text\">Mostrar m\u00e1s<\/span><\/a><\/div>\n\n\n\n<div class=\"wp-block-stackable-text stk-block-text stk-block stk-d62f048 stk-block-expand__more-text\" aria-hidden=\"true\" data-block-id=\"d62f048\"><p class=\"stk-block-text__text\">Eliminaci\u00f3n de c\u00e9lulas muertas, eliminaci\u00f3n de manchas, cicatrices y peque\u00f1as arrugas<\/p><\/div>\n\n\n\n<div class=\"wp-block-stackable-button stk-block-button is-style-link stk-block-expand__hide-button stk-block stk-05ec7e5\" data-block-id=\"05ec7e5\"><a aria-hidden=\"true\" role=\"button\" aria-expanded=\"true\" class=\"stk-link stk-button stk--hover-effect-darken\" href=\"#\"><span class=\"stk-button__inner-text\">Mostrar menos<\/span><\/a><\/div>\n<\/div><\/div>\n<\/div><\/div><\/div>\n\n\n\n<div class=\"wp-block-stackable-column stk-block-column stk-column stk-block stk-b34d3fb\" data-v=\"4\" data-block-id=\"b34d3fb\"><div class=\"stk-column-wrapper stk-block-column__content stk-container stk-b34d3fb-container stk--no-background stk--no-padding\"><div class=\"stk-block-content stk-inner-blocks stk-b34d3fb-inner-blocks\">\n<div class=\"wp-block-stackable-expand stk-block-expand stk-block stk-8e63fdd\" data-block-id=\"8e63fdd\"><div class=\"stk-inner-blocks stk-block-content\">\n<div class=\"wp-block-stackable-text stk-block-text stk-block stk-af7bf33 stk-block-expand__short-text\" aria-hidden=\"false\" data-block-id=\"af7bf33\"><style>.stk-af7bf33 .stk-block-text__text{color:#000000 !important;font-weight:bold !important;}<\/style><p class=\"stk-block-text__text has-text-color\">PEELING QU\u00cdMICO                 70\u20ac<\/p><\/div>\n\n\n\n<div class=\"wp-block-stackable-button stk-block-button is-style-link stk-block-expand__show-button stk-block stk-9e5ef98\" data-block-id=\"9e5ef98\"><a aria-hidden=\"false\" role=\"button\" aria-expanded=\"false\" class=\"stk-link stk-button stk--hover-effect-darken\" href=\"#\"><span class=\"stk-button__inner-text\">Mostrar m\u00e1s<\/span><\/a><\/div>\n\n\n\n<div class=\"wp-block-stackable-text stk-block-text stk-block stk-0e4a97b stk-block-expand__more-text\" aria-hidden=\"true\" data-block-id=\"0e4a97b\"><p class=\"stk-block-text__text\"><strong>Renovaci\u00f3n acelerada de las c\u00e9lulas de la piel para conseguir una piel mas lisa, iluminada, sin manchas, ni arrugas, y con un tono de piel uniforma.<\/strong><\/p><\/div>\n\n\n\n<div class=\"wp-block-stackable-button stk-block-button is-style-link stk-block-expand__hide-button stk-block stk-85289b4\" data-block-id=\"85289b4\"><a aria-hidden=\"true\" role=\"button\" aria-expanded=\"true\" class=\"stk-link stk-button stk--hover-effect-darken\" href=\"#\"><span class=\"stk-button__inner-text\">Mostrar menos<\/span><\/a><\/div>\n<\/div><\/div>\n<\/div><\/div><\/div>\n\n\n\n<div class=\"wp-block-stackable-column stk-block-column stk-column stk-block stk-4727299\" data-v=\"4\" data-block-id=\"4727299\"><div class=\"stk-column-wrapper stk-block-column__content stk-container stk-4727299-container stk--no-background stk--no-padding\"><div class=\"stk-block-content stk-inner-blocks stk-4727299-inner-blocks\">\n<div class=\"wp-block-stackable-expand stk-block-expand stk-block stk-0b60dd9\" data-block-id=\"0b60dd9\"><div class=\"stk-inner-blocks stk-block-content\">\n<div class=\"wp-block-stackable-text stk-block-text stk-block stk-fc998d2 stk-block-expand__short-text\" aria-hidden=\"false\" data-block-id=\"fc998d2\"><style>.stk-fc998d2 .stk-block-text__text{color:#000000 !important;font-weight:bold !important;}<\/style><p class=\"stk-block-text__text has-text-color\">CONTROL GRASAY ANTIACNE             45\u20ac<\/p><\/div>\n\n\n\n<div class=\"wp-block-stackable-button stk-block-button is-style-link stk-block-expand__show-button stk-block stk-7089824\" data-block-id=\"7089824\"><a aria-hidden=\"false\" role=\"button\" aria-expanded=\"false\" class=\"stk-link stk-button stk--hover-effect-darken\" href=\"#\"><span class=\"stk-button__inner-text\">Mostrar m\u00e1s<\/span><\/a><\/div>\n\n\n\n<div class=\"wp-block-stackable-text stk-block-text stk-block stk-a76effd stk-block-expand__more-text\" aria-hidden=\"true\" data-block-id=\"a76effd\"><p class=\"stk-block-text__text\">Tratamiento higienizante, pulidor, descongestivo, secante y sebo regulador. piel mixta, grasa o con tendencia acneica<\/p><\/div>\n\n\n\n<div class=\"wp-block-stackable-button stk-block-button is-style-link stk-block-expand__hide-button stk-block stk-4753671\" data-block-id=\"4753671\"><a aria-hidden=\"true\" role=\"button\" aria-expanded=\"true\" class=\"stk-link stk-button stk--hover-effect-darken\" href=\"#\"><span class=\"stk-button__inner-text\">Mostrar menos<\/span><\/a><\/div>\n<\/div><\/div>\n<\/div><\/div><\/div>\n<\/div><\/div>\n","protected":false},"excerpt":{"rendered":"<p>HIGIENE FACIAL desde 40 \u20ac Mostrar m\u00e1s Consigue una piel suave, limpia y tersa. elimina impurezas, c\u00e9lulas muertas, puntos negros y acn\u00e9 Mostrar menos VITAMINA C 45\u20ac Mostrar m\u00e1s Poder antioxidante que genera la formaci\u00f3n de col\u00e1geno, regenera, hidrata e ilumina Mostrar menos HYALUFEEL 45\u20ac Mostrar m\u00e1s Con acido hialuronico y vitaminas encapsuladas 89% origen [&hellip;]<\/p>\n","protected":false},"author":1,"featured_media":0,"parent":0,"menu_order":0,"comment_status":"closed","ping_status":"closed","template":"","meta":{"footnotes":""},"class_list":["post-1833","page","type-page","status-publish","hentry"],"blocksy_meta":[],"_links":{"self":[{"href":"https:\/\/perfectwoman.es\/index.php?rest_route=\/wp\/v2\/pages\/1833","targetHints":{"allow":["GET"]}}],"collection":[{"href":"https:\/\/perfectwoman.es\/index.php?rest_route=\/wp\/v2\/pages"}],"about":[{"href":"https:\/\/perfectwoman.es\/index.php?rest_route=\/wp\/v2\/types\/page"}],"author":[{"embeddable":true,"href":"https:\/\/perfectwoman.es\/index.php?rest_route=\/wp\/v2\/users\/1"}],"replies":[{"embeddable":true,"href":"https:\/\/perfectwoman.es\/index.php?rest_route=%2Fwp%2Fv2%2Fcomments&post=1833"}],"version-history":[{"count":27,"href":"https:\/\/perfectwoman.es\/index.php?rest_route=\/wp\/v2\/pages\/1833\/revisions"}],"predecessor-version":[{"id":2155,"href":"https:\/\/perfectwoman.es\/index.php?rest_route=\/wp\/v2\/pages\/1833\/revisions\/2155"}],"wp:attachment":[{"href":"https:\/\/perfectwoman.es\/index.php?rest_route=%2Fwp%2Fv2%2Fmedia&parent=1833"}],"curies":[{"name":"wp","href":"https:\/\/api.w.org\/{rel}","templated":true}]}}