{"id":1815,"date":"2024-03-14T09:17:12","date_gmt":"2024-03-14T08:17:12","guid":{"rendered":"https:\/\/perfectwoman.es\/?page_id=1815"},"modified":"2024-03-14T10:43:17","modified_gmt":"2024-03-14T09:43:17","slug":"tratamientos-capilares","status":"publish","type":"page","link":"https:\/\/perfectwoman.es\/?page_id=1815","title":{"rendered":"Tratamientos capilares"},"content":{"rendered":"\n<div class=\"wp-block-stackable-columns stk-block-columns stk-block stk-c2e695a\" data-block-id=\"c2e695a\"><div class=\"stk-row stk-inner-blocks stk-block-content stk-content-align stk-c2e695a-column\">\n<div class=\"wp-block-stackable-column stk-block-column stk-column stk-block stk-ed861c9\" data-v=\"4\" data-block-id=\"ed861c9\"><div class=\"stk-column-wrapper stk-block-column__content stk-container stk-ed861c9-container stk--no-background stk--no-padding\"><div class=\"stk-block-content stk-inner-blocks stk-ed861c9-inner-blocks\">\n<figure class=\"wp-block-image size-large\"><img loading=\"lazy\" decoding=\"async\" width=\"1024\" height=\"683\" src=\"https:\/\/perfectwoman.es\/wp-content\/uploads\/2024\/03\/tratamiento-capilar-1-1024x683.jpg\" alt=\"\" class=\"wp-image-1823\" srcset=\"https:\/\/perfectwoman.es\/wp-content\/uploads\/2024\/03\/tratamiento-capilar-1-1024x683.jpg 1024w, https:\/\/perfectwoman.es\/wp-content\/uploads\/2024\/03\/tratamiento-capilar-1-300x200.jpg 300w, https:\/\/perfectwoman.es\/wp-content\/uploads\/2024\/03\/tratamiento-capilar-1-768x512.jpg 768w, https:\/\/perfectwoman.es\/wp-content\/uploads\/2024\/03\/tratamiento-capilar-1-1536x1024.jpg 1536w, https:\/\/perfectwoman.es\/wp-content\/uploads\/2024\/03\/tratamiento-capilar-1-2048x1365.jpg 2048w\" sizes=\"auto, (max-width: 1024px) 100vw, 1024px\" \/><\/figure>\n<\/div><\/div><\/div>\n\n\n\n<div class=\"wp-block-stackable-column stk-block-column stk-column stk-block stk-b0f3765\" data-v=\"4\" data-block-id=\"b0f3765\"><div class=\"stk-column-wrapper stk-block-column__content stk-container stk-b0f3765-container stk--no-background stk--no-padding\"><div class=\"stk-block-content stk-inner-blocks stk-b0f3765-inner-blocks\">\n<div class=\"wp-block-stackable-expand stk-block-expand stk-block stk-b693236\" data-block-id=\"b693236\"><div class=\"stk-inner-blocks stk-block-content\">\n<div class=\"wp-block-stackable-text stk-block-text stk-block stk-40863b2 stk-block-expand__short-text\" aria-hidden=\"false\" data-block-id=\"40863b2\"><p class=\"stk-block-text__text\"><span style=\"color: #000000;\" class=\"stk-highlight\"><strong>Tratamientos mesoterapia capilar ca\u00edda unisex<br><\/strong><\/span>1h 30min                    75\u20ac<\/p><\/div>\n\n\n\n<div class=\"wp-block-stackable-button stk-block-button is-style-link stk-block-expand__show-button stk-block stk-64acb8f\" data-block-id=\"64acb8f\"><a aria-hidden=\"false\" role=\"button\" aria-expanded=\"false\" class=\"stk-link stk-button stk--hover-effect-darken\" href=\"#\"><span class=\"stk-button__inner-text\">Mostrar m\u00e1s<\/span><\/a><\/div>\n\n\n\n<div class=\"wp-block-stackable-text stk-block-text stk-block stk-023e53e stk-block-expand__more-text\" aria-hidden=\"true\" data-block-id=\"023e53e\"><p class=\"stk-block-text__text\">Sobre este servicio<br>Este tratamiento es para tratar la ca\u00edda del cabello la formula hair cocktail plus combina diferentes tipos de ingredientes que act\u00faan a distintos niveles y fases del ciclo del crecimiento del cabello ayudando a equilibrar los desajustes hormonales y los problemas glandulares pilo seb\u00e1ceas comunes en las situaciones de ca\u00edda del cabello en hombres y mujeres este tratamiento induce la vasodilataci\u00f3n con el fin de conseguir una adecuada perfusi\u00f3n de las c\u00e9lulas del bulbo capilar optimizando el aporte de nutrientes.<br>Indicaciones:<br>Alopecia androg\u00e9nica.<br>Efluvio fel\u00f3geno<br>Efluvio postparto. Bajo tropismo de la piel<\/p><\/div>\n\n\n\n<div class=\"wp-block-stackable-button stk-block-button is-style-link stk-block-expand__hide-button stk-block stk-a83771a\" data-block-id=\"a83771a\"><a aria-hidden=\"true\" role=\"button\" aria-expanded=\"true\" class=\"stk-link stk-button stk--hover-effect-darken\" href=\"#\"><span class=\"stk-button__inner-text\">Mostrar menos<\/span><\/a><\/div>\n<\/div><\/div>\n<\/div><\/div><\/div>\n\n\n\n<div class=\"wp-block-stackable-column stk-block-column stk-column stk-block stk-86e3513\" data-v=\"4\" data-block-id=\"86e3513\"><div class=\"stk-column-wrapper stk-block-column__content stk-container stk-86e3513-container stk--no-background stk--no-padding\"><div class=\"stk-block-content stk-inner-blocks stk-86e3513-inner-blocks\">\n<div class=\"wp-block-stackable-expand stk-block-expand stk-block stk-cd76f47\" data-block-id=\"cd76f47\"><div class=\"stk-inner-blocks stk-block-content\">\n<div class=\"wp-block-stackable-text stk-block-text stk-block stk-7aff8d5 stk-block-expand__short-text\" aria-hidden=\"false\" data-block-id=\"7aff8d5\"><p class=\"stk-block-text__text\"><span style=\"color: #000000;\" class=\"stk-highlight\"><strong>Tratamiento mesoterapia capilar ca\u00edda<br><\/strong><\/span>Bono 5 sesiones       360\u20ac<\/p><\/div>\n\n\n\n<div class=\"wp-block-stackable-button stk-block-button is-style-link stk-block-expand__show-button stk-block stk-2c4e6d1\" data-block-id=\"2c4e6d1\"><a aria-hidden=\"false\" role=\"button\" aria-expanded=\"false\" class=\"stk-link stk-button stk--hover-effect-darken\" href=\"#\"><span class=\"stk-button__inner-text\">Mostrar m\u00e1s<\/span><\/a><\/div>\n\n\n\n<div class=\"wp-block-stackable-text stk-block-text stk-block stk-729dd4b stk-block-expand__more-text\" aria-hidden=\"true\" data-block-id=\"729dd4b\"><p class=\"stk-block-text__text\">Cada sesi\u00f3n dura 1h 30 minutos<\/p><\/div>\n\n\n\n<div class=\"wp-block-stackable-button stk-block-button is-style-link stk-block-expand__hide-button stk-block stk-ef19275\" data-block-id=\"ef19275\"><a aria-hidden=\"true\" role=\"button\" aria-expanded=\"true\" class=\"stk-link stk-button stk--hover-effect-darken\" href=\"#\"><span class=\"stk-button__inner-text\">Mostrar menos<\/span><\/a><\/div>\n<\/div><\/div>\n<\/div><\/div><\/div>\n<\/div><\/div>\n\n\n\n<div class=\"wp-block-stackable-separator alignfull stk-block-separator stk--no-padding stk-block stk-bda1bf3 stk-block-background\" data-block-id=\"bda1bf3\"><style>.stk-bda1bf3{background-color:var(--theme-palette-color-3,#efe1dd) !important}.stk-bda1bf3:before{background-color:var(--theme-palette-color-3,#efe1dd) !important}<\/style><div class=\"stk-block-separator__inner\"><svg xmlns=\"http:\/\/www.w3.org\/2000\/svg\" viewBox=\"0 0 1600 200\" class=\"stk-separator__layer-1\" preserveAspectRatio=\"none\" aria-hidden=\"true\"><path class=\"wave-1_svg__st2\" d=\"M1341.4 48.9c-182.4 0-254.2 80.4-429.4 80.4-117.8 0-209.7-67.5-393.5-67.5-142.2 0-212.6 38.8-324.6 38.8S-10 64.7-10 64.7V210h1620V102c-110.6-40.2-181-53.1-268.6-53.1z\"><\/path><\/svg><\/div><\/div>\n\n\n\n<div class=\"wp-block-stackable-team-member stk-block-team-member stk-block stk-36ada67 is-style-default\" data-v=\"2\" data-block-id=\"36ada67\"><div class=\"stk-block-team-member__content stk-content-align stk-36ada67-column stk-container stk-36ada67-container stk-hover-parent\"><div class=\"stk-block-content stk-inner-blocks has-text-align-center stk-36ada67-inner-blocks\">\n<div class=\"wp-block-stackable-image stk-block-image stk-block stk-2c86b1d\" data-block-id=\"2c86b1d\"><style>.stk-2c86b1d .stk-img-wrapper{width:200px !important;height:100px !important}.stk-2c86b1d .stk-img-wrapper img,.stk-2c86b1d .stk-img-wrapper::after,.stk-2c86b1d .stk-img-wrapper::before{mask-image:url('data:image\/svg+xml;base64,PHN2ZyB4bWxucz0iaHR0cDovL3d3dy53My5vcmcvMjAwMC9zdmciIHZpZXdCb3g9IjAgMCAxMDAgMTAwIiBwcmVzZXJ2ZUFzcGVjdFJhdGlvPSJub25lIj48Y2lyY2xlIGN4PSI1MCIgY3k9IjUwIiByPSI1MCI+PC9jaXJjbGU+PC9zdmc+') !important;-webkit-mask-image:url('data:image\/svg+xml;base64,PHN2ZyB4bWxucz0iaHR0cDovL3d3dy53My5vcmcvMjAwMC9zdmciIHZpZXdCb3g9IjAgMCAxMDAgMTAwIiBwcmVzZXJ2ZUFzcGVjdFJhdGlvPSJub25lIj48Y2lyY2xlIGN4PSI1MCIgY3k9IjUwIiByPSI1MCI+PC9jaXJjbGU+PC9zdmc+') !important}<\/style><figure><span class=\"stk-img-wrapper stk-img--shape stk-image--shape-stretch\"><img loading=\"lazy\" decoding=\"async\" class=\"stk-img wp-image-898\" src=\"https:\/\/perfectwoman.es\/wp-content\/uploads\/2024\/02\/Sobre-nosotros-1.jpg\" width=\"491\" height=\"264\" srcset=\"https:\/\/perfectwoman.es\/wp-content\/uploads\/2024\/02\/Sobre-nosotros-1.jpg 491w, https:\/\/perfectwoman.es\/wp-content\/uploads\/2024\/02\/Sobre-nosotros-1-300x161.jpg 300w\" sizes=\"auto, (max-width: 491px) 100vw, 491px\" \/><\/span><\/figure><\/div>\n\n\n\n<div class=\"wp-block-stackable-heading stk-block-heading stk-block-heading--v2 stk-block stk-c3e5fd1\" id=\"diana\" data-block-id=\"c3e5fd1\"><h3 class=\"stk-block-heading__text\">Diana<\/h3><\/div>\n\n\n\n<div class=\"wp-block-stackable-subtitle stk-block-subtitle stk-block stk-606e2b0\" data-block-id=\"606e2b0\"><p class=\"stk-block-subtitle__text stk-subtitle\">Esteticista <\/p><\/div>\n\n\n\n<div class=\"wp-block-stackable-text stk-block-text stk-block stk-d519721\" data-block-id=\"d519721\"><p class=\"stk-block-text__text\">Muy valorada por sus clientes<\/p><\/div>\n\n\n\n<div class=\"wp-block-stackable-button-group stk-block-button-group stk-block stk-c2da0dc\" data-block-id=\"c2da0dc\"><div class=\"stk-row stk-inner-blocks stk-block-content stk-button-group\">\n<div class=\"wp-block-stackable-icon-button stk-block-icon-button stk-block stk-5ab6e34\" data-block-id=\"5ab6e34\"><style>.stk-5ab6e34 .stk-button{background:#3b5998 !important}<\/style><a class=\"stk-link stk-button stk--hover-effect-darken\" href=\"\"><span class=\"stk--svg-wrapper\"><div class=\"stk--inner-svg\"><svg data-prefix=\"fab\" data-icon=\"facebook-square\" class=\"svg-inline--fa fa-facebook-square fa-w-14\" xmlns=\"http:\/\/www.w3.org\/2000\/svg\" viewBox=\"0 0 448 512\" aria-hidden=\"true\" width=\"32\" height=\"32\"><path fill=\"currentColor\" d=\"M400 32H48A48 48 0 0 0 0 80v352a48 48 0 0 0 48 48h137.25V327.69h-63V256h63v-54.64c0-62.15 37-96.48 93.67-96.48 27.14 0 55.52 4.84 55.52 4.84v61h-31.27c-30.81 0-40.42 19.12-40.42 38.73V256h68.78l-11 71.69h-57.78V480H400a48 48 0 0 0 48-48V80a48 48 0 0 0-48-48z\"><\/path><\/svg><\/div><\/span><\/a><\/div>\n\n\n\n<div class=\"wp-block-stackable-icon-button stk-block-icon-button stk-block stk-a84cda7\" data-block-id=\"a84cda7\"><style>.stk-a84cda7 .stk-button{background:#c13584 !important}<\/style><a class=\"stk-link stk-button stk--hover-effect-darken\" href=\"\"><span class=\"stk--svg-wrapper\"><div class=\"stk--inner-svg\"><svg data-prefix=\"fab\" data-icon=\"instagram\" class=\"svg-inline--fa fa-instagram fa-w-14\" xmlns=\"http:\/\/www.w3.org\/2000\/svg\" viewBox=\"0 0 448 512\" aria-hidden=\"true\" width=\"32\" height=\"32\"><path fill=\"currentColor\" d=\"M224.1 141c-63.6 0-114.9 51.3-114.9 114.9s51.3 114.9 114.9 114.9S339 319.5 339 255.9 287.7 141 224.1 141zm0 189.6c-41.1 0-74.7-33.5-74.7-74.7s33.5-74.7 74.7-74.7 74.7 33.5 74.7 74.7-33.6 74.7-74.7 74.7zm146.4-194.3c0 14.9-12 26.8-26.8 26.8-14.9 0-26.8-12-26.8-26.8s12-26.8 26.8-26.8 26.8 12 26.8 26.8zm76.1 27.2c-1.7-35.9-9.9-67.7-36.2-93.9-26.2-26.2-58-34.4-93.9-36.2-37-2.1-147.9-2.1-184.9 0-35.8 1.7-67.6 9.9-93.9 36.1s-34.4 58-36.2 93.9c-2.1 37-2.1 147.9 0 184.9 1.7 35.9 9.9 67.7 36.2 93.9s58 34.4 93.9 36.2c37 2.1 147.9 2.1 184.9 0 35.9-1.7 67.7-9.9 93.9-36.2 26.2-26.2 34.4-58 36.2-93.9 2.1-37 2.1-147.8 0-184.8zM398.8 388c-7.8 19.6-22.9 34.7-42.6 42.6-29.5 11.7-99.5 9-132.1 9s-102.7 2.6-132.1-9c-19.6-7.8-34.7-22.9-42.6-42.6-11.7-29.5-9-99.5-9-132.1s-2.6-102.7 9-132.1c7.8-19.6 22.9-34.7 42.6-42.6 29.5-11.7 99.5-9 132.1-9s102.7-2.6 132.1 9c19.6 7.8 34.7 22.9 42.6 42.6 11.7 29.5 9 99.5 9 132.1s2.7 102.7-9 132.1z\"><\/path><\/svg><\/div><\/span><\/a><\/div>\n<\/div><\/div>\n<\/div><\/div><\/div>\n","protected":false},"excerpt":{"rendered":"<p>Tratamientos mesoterapia capilar ca\u00edda unisex1h 30min 75\u20ac Mostrar m\u00e1s Sobre este servicioEste tratamiento es para tratar la ca\u00edda del cabello la formula hair cocktail plus combina diferentes tipos de ingredientes que act\u00faan a distintos niveles y fases del ciclo del crecimiento del cabello ayudando a equilibrar los desajustes hormonales y los problemas glandulares pilo seb\u00e1ceas [&hellip;]<\/p>\n","protected":false},"author":1,"featured_media":0,"parent":0,"menu_order":0,"comment_status":"closed","ping_status":"closed","template":"","meta":{"footnotes":""},"class_list":["post-1815","page","type-page","status-publish","hentry"],"blocksy_meta":[],"_links":{"self":[{"href":"https:\/\/perfectwoman.es\/index.php?rest_route=\/wp\/v2\/pages\/1815","targetHints":{"allow":["GET"]}}],"collection":[{"href":"https:\/\/perfectwoman.es\/index.php?rest_route=\/wp\/v2\/pages"}],"about":[{"href":"https:\/\/perfectwoman.es\/index.php?rest_route=\/wp\/v2\/types\/page"}],"author":[{"embeddable":true,"href":"https:\/\/perfectwoman.es\/index.php?rest_route=\/wp\/v2\/users\/1"}],"replies":[{"embeddable":true,"href":"https:\/\/perfectwoman.es\/index.php?rest_route=%2Fwp%2Fv2%2Fcomments&post=1815"}],"version-history":[{"count":9,"href":"https:\/\/perfectwoman.es\/index.php?rest_route=\/wp\/v2\/pages\/1815\/revisions"}],"predecessor-version":[{"id":1832,"href":"https:\/\/perfectwoman.es\/index.php?rest_route=\/wp\/v2\/pages\/1815\/revisions\/1832"}],"wp:attachment":[{"href":"https:\/\/perfectwoman.es\/index.php?rest_route=%2Fwp%2Fv2%2Fmedia&parent=1815"}],"curies":[{"name":"wp","href":"https:\/\/api.w.org\/{rel}","templated":true}]}}