{"id":1681,"date":"2024-03-09T10:31:25","date_gmt":"2024-03-09T09:31:25","guid":{"rendered":"https:\/\/perfectwoman.es\/?page_id=1681"},"modified":"2024-03-09T16:26:48","modified_gmt":"2024-03-09T15:26:48","slug":"radiofrecuencia","status":"publish","type":"page","link":"https:\/\/perfectwoman.es\/?page_id=1681","title":{"rendered":"Radiofrecuencia"},"content":{"rendered":"\n<p><\/p>\n\n\n\n<div class=\"wp-block-stackable-columns stk-block-columns stk-block stk-f3963b9\" data-block-id=\"f3963b9\"><div class=\"stk-row stk-inner-blocks stk-block-content stk-content-align stk-f3963b9-column\">\n<div class=\"wp-block-stackable-column stk-block-column stk-column stk-block stk-82ab667\" data-v=\"4\" data-block-id=\"82ab667\"><style>@media screen and (min-width:690px){.stk-82ab667{flex:1 1 calc(15.4% - var(--stk-column-gap,0px) * 1 \/ 2 ) !important}}<\/style><div class=\"stk-column-wrapper stk-block-column__content stk-container stk-82ab667-container stk--no-background stk--no-padding\"><div class=\"stk-block-content stk-inner-blocks stk-82ab667-inner-blocks\">\n<figure class=\"wp-block-video\"><video height=\"1920\" style=\"aspect-ratio: 1080 \/ 1920;\" width=\"1080\" controls src=\"https:\/\/perfectwoman.es\/wp-content\/uploads\/2024\/03\/Radiofrecuencia-facial-mas-aplicacion-de-colageno2_2.mp4\"><\/video><\/figure>\n<\/div><\/div><\/div>\n\n\n\n<div class=\"wp-block-stackable-column stk-block-column stk-column stk-block stk-82106de\" data-v=\"4\" data-block-id=\"82106de\"><style>@media screen and (min-width:690px){.stk-82106de{flex:1 1 calc(84.6% - var(--stk-column-gap,0px) * 1 \/ 2 ) !important}}<\/style><div class=\"stk-column-wrapper stk-block-column__content stk-container stk-82106de-container stk--no-background stk--no-padding\"><div class=\"stk-block-content stk-inner-blocks stk-82106de-inner-blocks\">\n<h4 class=\"wp-block-heading has-palette-color-1-color has-text-color has-link-color wp-elements-41c5cc9d29e6d49c31c259186687c8d4\">RADIOFRECUENCIA<\/h4>\n\n\n\n<div class=\"wp-block-stackable-expand stk-block-expand stk-block stk-6dd18ac\" data-block-id=\"6dd18ac\"><div class=\"stk-inner-blocks stk-block-content\">\n<div class=\"wp-block-stackable-text stk-block-text stk-block stk-736a93e stk-block-expand__short-text\" aria-hidden=\"false\" data-block-id=\"736a93e\"><p class=\"stk-block-text__text\"><span style=\"color: var(--theme-palette-color-1, #d48074);\" class=\"stk-highlight\"><strong>BENEFICIOS  de la Radiofrecuencia<\/strong><\/span><\/p><\/div>\n\n\n\n<div class=\"wp-block-stackable-button stk-block-button is-style-link stk-block-expand__show-button stk-block stk-005732c\" data-block-id=\"005732c\"><a aria-hidden=\"false\" role=\"button\" aria-expanded=\"false\" class=\"stk-link stk-button stk--hover-effect-darken\" href=\"#\"><span class=\"stk-button__inner-text\">Mostrar m\u00e1s<\/span><\/a><\/div>\n\n\n\n<div class=\"wp-block-stackable-text stk-block-text stk-block stk-9f49a00 stk-block-expand__more-text\" aria-hidden=\"true\" data-block-id=\"9f49a00\"><p class=\"stk-block-text__text\">En los tratamientos de radiofrecuencia se aplican ondas electromagn\u00e9ticas de alta frecuencia<br>Las ondas electromagn\u00e9ticas de alta frecuencia lo que produce un calentamiento suave en la piel que favorece <br>1) Aumenta el col\u00e1geno natural<br>2) Estimula el drenaje linf\u00e1tico<br>3) Favorece a la circulaci\u00f3n dela piel y tejidos subcut\u00e1neos<\/p><\/div>\n\n\n\n<div class=\"wp-block-stackable-button stk-block-button is-style-link stk-block-expand__hide-button stk-block stk-ba1bf48\" data-block-id=\"ba1bf48\"><a aria-hidden=\"true\" role=\"button\" aria-expanded=\"true\" class=\"stk-link stk-button stk--hover-effect-darken\" href=\"#\"><span class=\"stk-button__inner-text\">Mostrar menos<\/span><\/a><\/div>\n<\/div><\/div>\n<\/div><\/div><\/div>\n<\/div><\/div>\n\n\n\n<div class=\"wp-block-stackable-divider stk-block-divider stk-block stk-7433852\" data-block-id=\"7433852\"><style>.stk-7433852{margin-bottom:31px !important}<\/style><hr class=\"stk-block-divider__hr\"\/><\/div>\n\n\n\n<div class=\"wp-block-stackable-divider stk-block-divider stk-block stk-6ff9e8b\" data-block-id=\"6ff9e8b\"><hr class=\"stk-block-divider__hr\"\/><\/div>\n","protected":false},"excerpt":{"rendered":"<p>RADIOFRECUENCIA BENEFICIOS de la Radiofrecuencia Mostrar m\u00e1s En los tratamientos de radiofrecuencia se aplican ondas electromagn\u00e9ticas de alta frecuenciaLas ondas electromagn\u00e9ticas de alta frecuencia lo que produce un calentamiento suave en la piel que favorece 1) Aumenta el col\u00e1geno natural2) Estimula el drenaje linf\u00e1tico3) Favorece a la circulaci\u00f3n dela piel y tejidos subcut\u00e1neos Mostrar menos<\/p>\n","protected":false},"author":1,"featured_media":0,"parent":0,"menu_order":0,"comment_status":"closed","ping_status":"closed","template":"","meta":{"footnotes":""},"class_list":["post-1681","page","type-page","status-publish","hentry"],"blocksy_meta":[],"_links":{"self":[{"href":"https:\/\/perfectwoman.es\/index.php?rest_route=\/wp\/v2\/pages\/1681","targetHints":{"allow":["GET"]}}],"collection":[{"href":"https:\/\/perfectwoman.es\/index.php?rest_route=\/wp\/v2\/pages"}],"about":[{"href":"https:\/\/perfectwoman.es\/index.php?rest_route=\/wp\/v2\/types\/page"}],"author":[{"embeddable":true,"href":"https:\/\/perfectwoman.es\/index.php?rest_route=\/wp\/v2\/users\/1"}],"replies":[{"embeddable":true,"href":"https:\/\/perfectwoman.es\/index.php?rest_route=%2Fwp%2Fv2%2Fcomments&post=1681"}],"version-history":[{"count":9,"href":"https:\/\/perfectwoman.es\/index.php?rest_route=\/wp\/v2\/pages\/1681\/revisions"}],"predecessor-version":[{"id":1726,"href":"https:\/\/perfectwoman.es\/index.php?rest_route=\/wp\/v2\/pages\/1681\/revisions\/1726"}],"wp:attachment":[{"href":"https:\/\/perfectwoman.es\/index.php?rest_route=%2Fwp%2Fv2%2Fmedia&parent=1681"}],"curies":[{"name":"wp","href":"https:\/\/api.w.org\/{rel}","templated":true}]}}