{"id":1639,"date":"2024-03-08T16:32:33","date_gmt":"2024-03-08T15:32:33","guid":{"rendered":"https:\/\/perfectwoman.es\/?page_id=1639"},"modified":"2024-03-08T16:32:33","modified_gmt":"2024-03-08T15:32:33","slug":"laser-de-diodo-2","status":"publish","type":"page","link":"https:\/\/perfectwoman.es\/?page_id=1639","title":{"rendered":"Laser de Diodo"},"content":{"rendered":"\n<div class=\"wp-block-stackable-columns stk-block-columns stk-block stk-cf6aae8\" data-block-id=\"cf6aae8\"><style>.stk-cf6aae8{margin-bottom:0px !important}.stk-cf6aae8-column{--stk-column-gap:100px !important;row-gap:50px !important}@media screen and (max-width:999px){.stk-cf6aae8-column{--stk-column-gap:50px !important}}<\/style><div class=\"stk-row stk-inner-blocks stk-block-content stk-content-align stk-cf6aae8-column\">\n<div class=\"wp-block-stackable-column stk-block-column stk-column stk-block stk-c783053\" data-v=\"4\" data-block-id=\"c783053\"><style>.stk-c783053-container{margin-top:0px !important;margin-right:0px !important;margin-bottom:0px !important;margin-left:0px !important}@media screen and (min-width:690px){.stk-c783053{flex:1 1 calc(30.1% - var(--stk-column-gap,0px) * 1 \/ 2 ) !important}}@media screen and (min-width:690px) and (max-width:999px){.stk-c783053{flex:0 1 calc(100% - var(--stk-column-gap,0px) * 0 \/ 1 ) !important}}<\/style><div class=\"stk-column-wrapper stk-block-column__content stk-container stk-c783053-container stk--no-background stk--no-padding\"><div class=\"stk-block-content stk-inner-blocks stk-c783053-inner-blocks\">\n<div class=\"wp-block-stackable-video-popup stk-block-video-popup stk-block stk-944936b\" data-video=\"\" data-block-id=\"944936b\"><button class=\"stk-block-video-popup__overlay stk-row stk-inner-blocks stk-block-content stk-hover-parent\" aria-label=\"Play Video\">\n<div class=\"wp-block-stackable-icon stk-block-icon has-text-align-center stk-block stk-3665267\" data-block-id=\"3665267\"><style>.stk-3665267 .stk--svg-wrapper .stk--inner-svg svg:last-child{height:70px !important;width:70px !important}.stk-3665267 .stk--svg-wrapper .stk--inner-svg svg:last-child,.stk-3665267 .stk--svg-wrapper .stk--inner-svg svg:last-child :is(g,path,rect,polygon,ellipse){fill:var(--theme-palette-color-8,#ffffff) !important}<\/style><span class=\"stk--svg-wrapper\"><div class=\"stk--inner-svg\"><svg style=\"height:0;width:0\"><defs><linearGradient id=\"linear-gradient-3665267\" x1=\"0\" x2=\"100%\" y1=\"0\" y2=\"0\"><stop offset=\"0%\" style=\"stop-opacity:1;stop-color:var(--linear-gradient-3665267-color-1)\"><\/stop><stop offset=\"100%\" style=\"stop-opacity:1;stop-color:var(--linear-gradient-3665267-color-2)\"><\/stop><\/linearGradient><\/defs><\/svg><svg class=\"ugb-custom-icon\" xmlns=\"http:\/\/www.w3.org\/2000\/svg\" viewBox=\"0 0 90 90\" aria-hidden=\"true\" width=\"32\" height=\"32\"><path fill=\"#fff\" d=\"M45 90.005a44.719 44.719 0 0 1-17.516-3.537 44.844 44.844 0 0 1-14.3-9.645 44.85 44.85 0 0 1-9.645-14.3A44.719 44.719 0 0 1 .002 45.007a44.719 44.719 0 0 1 3.537-17.516 44.85 44.85 0 0 1 9.645-14.3 44.855 44.855 0 0 1 14.3-9.644A44.729 44.729 0 0 1 45 .005a44.729 44.729 0 0 1 17.516 3.536 44.837 44.837 0 0 1 14.3 9.644 44.841 44.841 0 0 1 9.644 14.3 44.729 44.729 0 0 1 3.536 17.516 44.729 44.729 0 0 1-3.536 17.516 44.848 44.848 0 0 1-9.644 14.3 44.845 44.845 0 0 1-14.3 9.645A44.719 44.719 0 0 1 45 90.005Zm-9-58.22a1 1 0 0 0-1 1V62.22a1 1 0 0 0 1 1 .989.989 0 0 0 .52-.147l24.082-14.718a.992.992 0 0 0 .478-.853.992.992 0 0 0-.478-.853L36.52 31.931a1 1 0 0 0-.52-.15Z\"><\/path><\/svg><\/div><\/span><\/div>\n\n\n\n<div class=\"wp-block-stackable-image stk-block-image stk-block stk-e887278\" data-block-id=\"e887278\"><style>.stk-e887278 .stk-img-wrapper{width:0% !important;height:0px !important}<\/style><\/div>\n<\/button><\/div>\n\n\n\n<figure class=\"wp-block-video\"><video height=\"1280\" style=\"aspect-ratio: 720 \/ 1280;\" width=\"720\" controls src=\"https:\/\/perfectwoman.es\/wp-content\/uploads\/2024\/02\/Laser-de-diodo.mp4\"><\/video><figcaption class=\"wp-element-caption\">Laser de diodo<\/figcaption><\/figure>\n<\/div><\/div><\/div>\n\n\n\n<div class=\"wp-block-stackable-column stk-block-column stk-column stk-block stk-0d2d09b\" data-v=\"4\" data-block-id=\"0d2d09b\"><style>.stk-0d2d09b-container{margin-top:0px !important;margin-right:0px !important;margin-bottom:0px !important;margin-left:0px !important}.stk-0d2d09b{align-self:center !important}@media screen and (min-width:690px){.stk-0d2d09b{flex:1 1 calc(69.9% - var(--stk-column-gap,0px) * 1 \/ 2 ) !important}}@media screen and (min-width:690px) and (max-width:999px){.stk-0d2d09b{flex:0 1 calc(100% - var(--stk-column-gap,0px) * 0 \/ 1 ) !important}}<\/style><div class=\"stk-column-wrapper stk-block-column__content stk-container stk-0d2d09b-container stk--no-background stk--no-padding\"><div class=\"stk-block-content stk-inner-blocks stk-0d2d09b-inner-blocks\">\n<div class=\"wp-block-stackable-text stk-block-text stk-block stk-88ec6eb\" data-block-id=\"88ec6eb\"><style>.stk-88ec6eb{margin-bottom:20px !important}.stk-88ec6eb .stk-block-text__text{font-size:16px !important;color:var(--theme-palette-color-1,#EA714C) !important;font-weight:600 !important;text-transform:uppercase !important}@media screen and (max-width:999px){.stk-88ec6eb{margin-bottom:15px !important}.stk-88ec6eb .stk-block-text__text{font-size:14px !important}}<\/style><p class=\"stk-block-text__text has-text-color has-text-align-center-tablet\">M\u00daLTIPLES EFECTOS, TODOS LOS BENEFICIOS EN TRATAMIENTO FACIAL y corporal<\/p><\/div>\n\n\n\n<div class=\"wp-block-stackable-heading stk-block-heading stk-block-heading--v2 stk-block stk-a0b6678\" id=\"laser-de-diodo\" data-block-id=\"a0b6678\"><style>.stk-a0b6678{margin-bottom:20px !important}.stk-a0b6678 .stk-block-heading__text{font-size:50px !important}@media screen and (max-width:999px){.stk-a0b6678 .stk-block-heading__text{font-size:35px !important}}<\/style><h2 class=\"stk-block-heading__text has-text-align-center-tablet\">Laser de diodo<\/h2><\/div>\n\n\n\n<p><span style=\"color: var(--theme-palette-color-2, #d65730);\" class=\"stk-highlight\"><strong>De alta potencia<\/strong><\/span><\/p>\n\n\n\n<p>Aplicable en cualquier parte del cuerpo y en cualquier \u00e9poca del a\u00f1o, inclusive verano.<\/p>\n\n\n\n<p><strong>NUESTROS TRATAMIENTOS SON APTOS PARA TODO TIPO DE PIELES Y NO TIENEN EFECTOS SECUNDARIOS.<\/strong><\/p>\n\n\n\n<div class=\"wp-block-stackable-expand stk-block-expand stk-block stk-f3e38fb\" data-block-id=\"f3e38fb\"><div class=\"stk-inner-blocks stk-block-content\">\n<div class=\"wp-block-stackable-text stk-block-text stk-block stk-571a76d stk-block-expand__short-text\" aria-hidden=\"false\" data-block-id=\"571a76d\"><p class=\"stk-block-text__text\">Es el m\u00e9todo m\u00e1s eficaz para acabar con el vello no deseado sin da\u00f1ar la estructura de la piel.<\/p><\/div>\n\n\n\n<div class=\"wp-block-stackable-button stk-block-button is-style-link stk-block-expand__show-button stk-block stk-2e52bcd\" data-block-id=\"2e52bcd\"><a aria-hidden=\"false\" role=\"button\" aria-expanded=\"false\" class=\"stk-link stk-button stk--hover-effect-darken\" href=\"#\"><span class=\"stk-button__inner-text\">Mostrar m\u00e1s<\/span><\/a><\/div>\n\n\n\n<div class=\"wp-block-stackable-text stk-block-text stk-block stk-35ea4a6 stk-block-expand__more-text\" aria-hidden=\"true\" data-block-id=\"35ea4a6\"><p class=\"stk-block-text__text\">R\u00c1PIDO:<br>Acorta el tiempo por sesion piernas enteras 20 min.<br>SEGURO:<br>Plataforma l\u00e1ser m\u00e9dica homologada.<br>EFECTIVO:<br>Disparos s\u00faper cortos a m\u00e1xima potencia.<br>INDOLORO:<br>Temperatura constante 0\u00ba en el puntero.<br><br>El l\u00e1ser de diodo consigue una depilaci\u00f3n en todos los fototipos de piel, incluso en las bronceadas. Est\u00e1 basado en la fototerm\u00f3lisis selectiva que consiste en la emisi\u00f3n del l\u00e1ser focalizada exclusivamente al vello, penetrando profundamente para su eliminaci\u00f3n definitiva sin da\u00f1ar los tejidos que la rodean.<br><br>Nos permite trabajar a m\u00e1xima velocidad (4Hz) acabando con el vello no deseado de forma r\u00e1pida y segura, la alta potencia nos permite entregar pulsos muy cortos consiguiendo eliminar el vello residual siendo perfecto para la finalizaci\u00f3n de tratamientos.<\/p><\/div>\n\n\n\n<div class=\"wp-block-stackable-button stk-block-button is-style-link stk-block-expand__hide-button stk-block stk-b47e2d3\" data-block-id=\"b47e2d3\"><a aria-hidden=\"true\" role=\"button\" aria-expanded=\"true\" class=\"stk-link stk-button stk--hover-effect-darken\" href=\"#\"><span class=\"stk-button__inner-text\">Mostrar menos<\/span><\/a><\/div>\n<\/div><\/div>\n\n\n\n<div class=\"wp-block-stackable-button-group stk-block-button-group stk-block stk-a3345f1\" data-block-id=\"a3345f1\"><style>.stk-a3345f1 .stk-inner-blocks{column-gap:30px !important;row-gap:30px !important}<\/style><div class=\"stk-row stk-inner-blocks has-text-align-center-tablet stk-block-content stk-button-group\">\n<div class=\"wp-block-stackable-button stk-block-button stk-block stk-62cf0a0\" data-block-id=\"62cf0a0\"><style>.stk-62cf0a0:hover{box-shadow:0px 0px 0px 0px rgba(0,0,0,1) !important;right:-7px !important;bottom:-7px !important}.stk-62cf0a0{margin-top:0px !important;margin-right:0px !important;margin-bottom:0px !important;margin-left:0px !important;right:0 !important;bottom:0 !important}.stk-62cf0a0 .stk-button{padding-top:16px !important;padding-right:45px !important;padding-bottom:16px !important;padding-left:45px !important;background:var(--theme-palette-color-6,#ece8e3) !important}.stk-62cf0a0 .stk-button:hover:after{background:var(--theme-palette-color-4,#1A1E21) !important;opacity:1 !important}.stk-62cf0a0 .stk-button:before{box-shadow:7px 7px 0px 0px rgba(26,30,33,1) !important;border-style:solid !important;border-color:var(--theme-palette-color-4,#1A1E21) !important;border-top-width:2px !important;border-right-width:2px !important;border-bottom-width:2px !important;border-left-width:2px !important}.stk-62cf0a0 .stk-button:hover:before{box-shadow:0px 0px 0px 0px rgba(26,30,33,1) !important}.stk-62cf0a0 .stk-button__inner-text{font-size:14px !important;color:var(--theme-palette-color-4,#1A1E21) !important;font-weight:700 !important;text-transform:uppercase !important}.stk-62cf0a0 .stk-button:hover .stk-button__inner-text{color:var(--theme-palette-color-8,#ffffff) !important}@media screen and (max-width:999px){.stk-62cf0a0 .stk-button__inner-text{font-size:14px !important}}<\/style><a class=\"stk-link stk-button stk--hover-effect-darken\" href=\"\"><span class=\"has-text-color stk-button__inner-text\">RESERVA<\/span><\/a><\/div>\n<\/div><\/div>\n<\/div><\/div><\/div>\n<\/div><\/div>\n","protected":false},"excerpt":{"rendered":"<p>M\u00daLTIPLES EFECTOS, TODOS LOS BENEFICIOS EN TRATAMIENTO FACIAL y corporal Laser de diodo De alta potencia Aplicable en cualquier parte del cuerpo y en cualquier \u00e9poca del a\u00f1o, inclusive verano. NUESTROS TRATAMIENTOS SON APTOS PARA TODO TIPO DE PIELES Y NO TIENEN EFECTOS SECUNDARIOS. Es el m\u00e9todo m\u00e1s eficaz para acabar con el vello no [&hellip;]<\/p>\n","protected":false},"author":1,"featured_media":0,"parent":0,"menu_order":0,"comment_status":"closed","ping_status":"closed","template":"","meta":{"footnotes":""},"class_list":["post-1639","page","type-page","status-publish","hentry"],"blocksy_meta":[],"_links":{"self":[{"href":"https:\/\/perfectwoman.es\/index.php?rest_route=\/wp\/v2\/pages\/1639","targetHints":{"allow":["GET"]}}],"collection":[{"href":"https:\/\/perfectwoman.es\/index.php?rest_route=\/wp\/v2\/pages"}],"about":[{"href":"https:\/\/perfectwoman.es\/index.php?rest_route=\/wp\/v2\/types\/page"}],"author":[{"embeddable":true,"href":"https:\/\/perfectwoman.es\/index.php?rest_route=\/wp\/v2\/users\/1"}],"replies":[{"embeddable":true,"href":"https:\/\/perfectwoman.es\/index.php?rest_route=%2Fwp%2Fv2%2Fcomments&post=1639"}],"version-history":[{"count":2,"href":"https:\/\/perfectwoman.es\/index.php?rest_route=\/wp\/v2\/pages\/1639\/revisions"}],"predecessor-version":[{"id":2021,"href":"https:\/\/perfectwoman.es\/index.php?rest_route=\/wp\/v2\/pages\/1639\/revisions\/2021"}],"wp:attachment":[{"href":"https:\/\/perfectwoman.es\/index.php?rest_route=%2Fwp%2Fv2%2Fmedia&parent=1639"}],"curies":[{"name":"wp","href":"https:\/\/api.w.org\/{rel}","templated":true}]}}